{"id":1521,"date":"2024-03-22T02:31:29","date_gmt":"2024-03-22T02:31:29","guid":{"rendered":"https:\/\/oncomatryx.com\/inicio\/"},"modified":"2025-02-27T14:49:47","modified_gmt":"2025-02-27T14:49:47","slug":"inicio","status":"publish","type":"page","link":"https:\/\/oncomatryx.com\/es\/","title":{"rendered":"Inicio"},"content":{"rendered":"\t\t<div data-elementor-type=\"wp-page\" data-elementor-id=\"1521\" class=\"elementor elementor-1521 elementor-485\" data-elementor-post-type=\"page\">\n\t\t\t\t<div class=\"elementor-element elementor-element-ace1601 e-flex e-con-boxed e-con e-parent\" data-id=\"ace1601\" data-element_type=\"container\" data-e-type=\"container\" data-settings=\"{&quot;background_background&quot;:&quot;video&quot;,&quot;background_video_link&quot;:&quot;https:\\\/\\\/www.youtube.com\\\/watch?v=8_nVbI7NcOw&amp;ab_channel=Medicinelive&quot;,&quot;background_play_on_mobile&quot;:&quot;yes&quot;,&quot;background_privacy_mode&quot;:&quot;yes&quot;}\">\n\t\t\t\t\t<div class=\"e-con-inner\">\n\t\t<div class=\"elementor-background-video-container\">\n\t\t\t\t\t\t\t<div class=\"elementor-background-video-embed\" role=\"presentation\"><\/div>\n\t\t\t\t\t\t<\/div>\t\t<div class=\"elementor-element elementor-element-c36a84a elementor-widget elementor-widget-text-editor\" data-id=\"c36a84a\" data-element_type=\"widget\" data-e-type=\"widget\" data-widget_type=\"text-editor.default\">\n\t\t\t\t<div class=\"elementor-widget-container\">\n\t\t\t\t\t\t\t\t\t<p>Modulamos el microentorno del tumor<\/p>\t\t\t\t\t\t\t\t<\/div>\n\t\t\t\t<\/div>\n\t\t\t\t\t<\/div>\n\t\t\t\t<\/div>\n\t\t<div class=\"elementor-element elementor-element-ddc825d e-flex e-con-boxed e-con e-parent\" data-id=\"ddc825d\" data-element_type=\"container\" data-e-type=\"container\">\n\t\t\t\t\t<div class=\"e-con-inner\">\n\t\t\t\t<div class=\"elementor-element elementor-element-d1a9ad7 elementor-cta--layout-image-right elementor-cta--mobile-layout-image-above presupuesto img-derecha elementor-cta--skin-classic elementor-animated-content elementor-bg-transform elementor-bg-transform-zoom-in elementor-invisible elementor-widget elementor-widget-call-to-action\" data-id=\"d1a9ad7\" data-element_type=\"widget\" data-e-type=\"widget\" data-settings=\"{&quot;_animation&quot;:&quot;fadeInUp&quot;,&quot;_animation_delay&quot;:500}\" data-widget_type=\"call-to-action.default\">\n\t\t\t\t<div class=\"elementor-widget-container\">\n\t\t\t\t\t\t\t<div class=\"elementor-cta\">\n\t\t\t\t\t<div class=\"elementor-cta__bg-wrapper\">\n\t\t\t\t<div class=\"elementor-cta__bg elementor-bg\" style=\"background-image: url(https:\/\/oncomatryx.com\/wp-content\/uploads\/2024\/03\/oncomatryx-investigacion.webp);\" role=\"img\" aria-label=\"oncomatryx investigaci\u00f3n\"><\/div>\n\t\t\t\t<div class=\"elementor-cta__bg-overlay\"><\/div>\n\t\t\t<\/div>\n\t\t\t\t\t\t\t<div class=\"elementor-cta__content\">\n\t\t\t\t\n\t\t\t\t\t\t\t\t\t<h2 class=\"elementor-cta__title elementor-cta__content-item elementor-content-item\">\n\t\t\t\t\t\tSomos innovaci\u00f3n, ilusi\u00f3n y esperanza.\t\t\t\t\t<\/h2>\n\t\t\t\t\n\t\t\t\t\t\t\t\t\t<div class=\"elementor-cta__description elementor-cta__content-item elementor-content-item\">\n\t\t\t\t\t\t<p><span lang=\"es\">M\u00e1s que una empresa biotecnol\u00f3gica. <\/span><span style=\"font-family: var( --e-global-typography-text-font-family ), Sans-serif;font-weight: var( --e-global-typography-text-font-weight );text-align: var(--text-align)\">Un equipo <\/span><span style=\"font-family: var( --e-global-typography-text-font-family ), Sans-serif;font-weight: var( --e-global-typography-text-font-weight );text-align: var(--text-align)\">multidisciplinario comprometido con la ciencia, la medicina y los pacientes con <\/span><span style=\"font-family: var( --e-global-typography-text-font-family ), Sans-serif;font-weight: var( --e-global-typography-text-font-weight );text-align: var(--text-align)\">c\u00e1ncer.<\/span><span style=\"font-family: var( --e-global-typography-text-font-family ), Sans-serif;font-weight: var( --e-global-typography-text-font-weight );text-align: var(--text-align)\"><\/span><\/p>\t\t\t\t\t<\/div>\n\t\t\t\t\n\t\t\t\t\t\t\t\t\t<div class=\"elementor-cta__button-wrapper elementor-cta__content-item elementor-content-item \">\n\t\t\t\t\t<a class=\"elementor-cta__button elementor-button elementor-size-\" href=\"https:\/\/oncomatryx.com\/es\/sobre-nosotros\/#historia\">\n\t\t\t\t\t\tDescubre nuestra historia\t\t\t\t\t<\/a>\n\t\t\t\t\t<\/div>\n\t\t\t\t\t\t\t<\/div>\n\t\t\t\t\t\t<\/div>\n\t\t\t\t\t\t<\/div>\n\t\t\t\t<\/div>\n\t\t\t\t<div class=\"elementor-element elementor-element-14ab54a elementor-cta--layout-image-left elementor-cta--mobile-layout-image-above img-izquierda elementor-cta--skin-classic elementor-animated-content elementor-bg-transform elementor-bg-transform-zoom-in elementor-invisible elementor-widget elementor-widget-call-to-action\" data-id=\"14ab54a\" data-element_type=\"widget\" data-e-type=\"widget\" data-settings=\"{&quot;_animation&quot;:&quot;fadeInUp&quot;,&quot;_animation_delay&quot;:500}\" data-widget_type=\"call-to-action.default\">\n\t\t\t\t<div class=\"elementor-widget-container\">\n\t\t\t\t\t\t\t<a class=\"elementor-cta\" href=\"https:\/\/oncomatryx.com\/es\/nuestra-innovacion\/\">\n\t\t\t\t\t<div class=\"elementor-cta__bg-wrapper\">\n\t\t\t\t<div class=\"elementor-cta__bg elementor-bg\" style=\"background-image: url(https:\/\/oncomatryx.com\/wp-content\/uploads\/2024\/02\/investigacion-oncomatrix-1-931x1024.jpg);\" role=\"img\" aria-label=\"investigacion oncomatrix 1\"><\/div>\n\t\t\t\t<div class=\"elementor-cta__bg-overlay\"><\/div>\n\t\t\t<\/div>\n\t\t\t\t\t\t\t<div class=\"elementor-cta__content\">\n\t\t\t\t\n\t\t\t\t\t\t\t\t\t<h2 class=\"elementor-cta__title elementor-cta__content-item elementor-content-item\">\n\t\t\t\t\t\tUna nueva estrategia para abordar los tumores s\u00f3lidos metast\u00e1sicos\t\t\t\t\t<\/h2>\n\t\t\t\t\n\t\t\t\t\t\t\t\t\t<div class=\"elementor-cta__description elementor-cta__content-item elementor-content-item\">\n\t\t\t\t\t\t<p><span lang=\"es\">Nuestro fundador, Laureano Sim\u00f3n, imagin\u00f3 un nuevo enfoque para abordar la resistencia tumoral a los tratamientos\nconvencionales. No se trataba de combatir el tumor directamente, sino de comprender y atacar su microambiente. En la guerra contra el c\u00e1ncer, nuestro campo de batalla es el estroma tumoral.<b><\/b><\/span><\/p>\n\n\t\t\t\t\t<\/div>\n\t\t\t\t\n\t\t\t\t\t\t\t\t\t<div class=\"elementor-cta__button-wrapper elementor-cta__content-item elementor-content-item \">\n\t\t\t\t\t<span class=\"elementor-cta__button elementor-button elementor-size-\">\n\t\t\t\t\t\tAccede a nuestro enfoque innovador\t\t\t\t\t<\/span>\n\t\t\t\t\t<\/div>\n\t\t\t\t\t\t\t<\/div>\n\t\t\t\t\t\t<\/a>\n\t\t\t\t\t\t<\/div>\n\t\t\t\t<\/div>\n\t\t\t\t<div class=\"elementor-element elementor-element-07f3e5c elementor-cta--layout-image-right elementor-cta--mobile-layout-image-above img-derecha elementor-cta--skin-classic elementor-animated-content elementor-bg-transform elementor-bg-transform-zoom-in elementor-invisible elementor-widget elementor-widget-call-to-action\" data-id=\"07f3e5c\" data-element_type=\"widget\" data-e-type=\"widget\" data-settings=\"{&quot;_animation&quot;:&quot;fadeInUp&quot;,&quot;_animation_delay&quot;:500}\" data-widget_type=\"call-to-action.default\">\n\t\t\t\t<div class=\"elementor-widget-container\">\n\t\t\t\t\t\t\t<a class=\"elementor-cta\" href=\"https:\/\/oncomatryx.com\/es\/sobre-nosotros\/#valores\">\n\t\t\t\t\t<div class=\"elementor-cta__bg-wrapper\">\n\t\t\t\t<div class=\"elementor-cta__bg elementor-bg\" style=\"background-image: url(https:\/\/oncomatryx.com\/wp-content\/uploads\/2024\/03\/oncomatryx-investigacion-contra-el-cancer.webp);\" role=\"img\" aria-label=\"oncomatryx investigacion contra el cancer\"><\/div>\n\t\t\t\t<div class=\"elementor-cta__bg-overlay\"><\/div>\n\t\t\t<\/div>\n\t\t\t\t\t\t\t<div class=\"elementor-cta__content\">\n\t\t\t\t\n\t\t\t\t\t\t\t\t\t<h2 class=\"elementor-cta__title elementor-cta__content-item elementor-content-item\">\n\t\t\t\t\t\tNuestro compromiso\t\t\t\t\t<\/h2>\n\t\t\t\t\n\t\t\t\t\t\t\t\t\t<div class=\"elementor-cta__description elementor-cta__content-item elementor-content-item\">\n\t\t\t\t\t\t<span style=\"color: var( --e-global-color-primary );font-family: var( --e-global-typography-text-font-family ), Sans-serif;font-weight: var( --e-global-typography-text-font-weight );text-align: var(--text-align)\">Estamos explorando nuevos horizontes en la<\/span><p><span lang=\"es\">lucha contra el c\u00e1ncer. Visualizamos una nueva era en la que el c\u00e1ncer ser\u00e1 vencido mediante combinaciones orquestadas de f\u00e1rmacos de precisi\u00f3n que apunten tanto al tumor como a su microambiente. Juntos, perseguimos incansablemente soluciones que alguna vez se consideraron imposibles, llevando esperanza a los pacientes. <\/span><span style=\"color: var( --e-global-color-primary );font-family: var( --e-global-typography-text-font-family ), Sans-serif;font-weight: var( --e-global-typography-text-font-weight );text-align: var(--text-align)\"><\/span><\/p>\t\t\t\t\t<\/div>\n\t\t\t\t\n\t\t\t\t\t\t\t\t\t<div class=\"elementor-cta__button-wrapper elementor-cta__content-item elementor-content-item \">\n\t\t\t\t\t<span class=\"elementor-cta__button elementor-button elementor-size-\">\n\t\t\t\t\t\tNuestros valores\t\t\t\t\t<\/span>\n\t\t\t\t\t<\/div>\n\t\t\t\t\t\t\t<\/div>\n\t\t\t\t\t\t<\/a>\n\t\t\t\t\t\t<\/div>\n\t\t\t\t<\/div>\n\t\t\t\t\t<\/div>\n\t\t\t\t<\/div>\n\t\t<div class=\"elementor-element elementor-element-0b12988 e-flex e-con-boxed e-con e-parent\" data-id=\"0b12988\" data-element_type=\"container\" data-e-type=\"container\" data-settings=\"{&quot;background_background&quot;:&quot;gradient&quot;,&quot;shape_divider_bottom&quot;:&quot;curve&quot;,&quot;shape_divider_bottom_negative&quot;:&quot;yes&quot;}\">\n\t\t\t\t\t<div class=\"e-con-inner\">\n\t\t\t\t<div class=\"elementor-shape elementor-shape-bottom\" aria-hidden=\"true\" data-negative=\"true\">\n\t\t\t<svg xmlns=\"http:\/\/www.w3.org\/2000\/svg\" viewBox=\"0 0 1000 100\" preserveAspectRatio=\"none\">\n\t<path class=\"elementor-shape-fill\" d=\"M500,97C126.7,96.3,0.8,19.8,0,0v100l1000,0V1C1000,19.4,873.3,97.8,500,97z\"\/>\n<\/svg>\t\t<\/div>\n\t\t\t\t<div class=\"elementor-element elementor-element-7cccf55 elementor-widget elementor-widget-heading\" data-id=\"7cccf55\" data-element_type=\"widget\" data-e-type=\"widget\" data-widget_type=\"heading.default\">\n\t\t\t\t<div class=\"elementor-widget-container\">\n\t\t\t\t\t<h2 class=\"elementor-heading-title elementor-size-default\">Ensayos cl\u00ednicos<\/h2>\t\t\t\t<\/div>\n\t\t\t\t<\/div>\n\t\t<div class=\"elementor-element elementor-element-0106473 e-flex e-con-boxed elementor-invisible e-con e-child\" data-id=\"0106473\" data-element_type=\"container\" data-e-type=\"container\" data-settings=\"{&quot;animation&quot;:&quot;fadeInUp&quot;}\">\n\t\t\t\t\t<div class=\"e-con-inner\">\n\t\t<div class=\"elementor-element elementor-element-8ff5841 e-flex e-con-boxed e-con e-child\" data-id=\"8ff5841\" data-element_type=\"container\" data-e-type=\"container\">\n\t\t\t\t\t<div class=\"e-con-inner\">\n\t\t\t\t<div class=\"elementor-element elementor-element-7bd354f elementor-widget elementor-widget-image\" data-id=\"7bd354f\" data-element_type=\"widget\" data-e-type=\"widget\" data-widget_type=\"image.default\">\n\t\t\t\t<div class=\"elementor-widget-container\">\n\t\t\t\t\t\t\t\t\t\t\t\t\t\t\t<img fetchpriority=\"high\" decoding=\"async\" width=\"640\" height=\"640\" src=\"https:\/\/oncomatryx.com\/wp-content\/uploads\/2024\/04\/ensayos-investigadores.jpg\" class=\"attachment-full size-full wp-image-779\" alt=\"\" srcset=\"https:\/\/oncomatryx.com\/wp-content\/uploads\/2024\/04\/ensayos-investigadores.jpg 640w, https:\/\/oncomatryx.com\/wp-content\/uploads\/2024\/04\/ensayos-investigadores-300x300.jpg 300w, https:\/\/oncomatryx.com\/wp-content\/uploads\/2024\/04\/ensayos-investigadores-150x150.jpg 150w\" sizes=\"(max-width: 640px) 100vw, 640px\" \/>\t\t\t\t\t\t\t\t\t\t\t\t\t\t\t<\/div>\n\t\t\t\t<\/div>\n\t\t\t\t<div class=\"elementor-element elementor-element-103561d elementor-widget elementor-widget-heading\" data-id=\"103561d\" data-element_type=\"widget\" data-e-type=\"widget\" data-widget_type=\"heading.default\">\n\t\t\t\t<div class=\"elementor-widget-container\">\n\t\t\t\t\t<h3 class=\"elementor-heading-title elementor-size-default\">Para investigadores<\/h3>\t\t\t\t<\/div>\n\t\t\t\t<\/div>\n\t\t\t\t<div class=\"elementor-element elementor-element-2f47f7f elementor-widget elementor-widget-text-editor\" data-id=\"2f47f7f\" data-element_type=\"widget\" data-e-type=\"widget\" data-widget_type=\"text-editor.default\">\n\t\t\t\t<div class=\"elementor-widget-container\">\n\t\t\t\t\t\t\t\t\t<p>Descubre el desarrollo de nuestros ensayos.<\/p>\t\t\t\t\t\t\t\t<\/div>\n\t\t\t\t<\/div>\n\t\t\t\t<div class=\"elementor-element elementor-element-84920dc elementor-align-center elementor-widget elementor-widget-button\" data-id=\"84920dc\" data-element_type=\"widget\" data-e-type=\"widget\" data-widget_type=\"button.default\">\n\t\t\t\t<div class=\"elementor-widget-container\">\n\t\t\t\t\t\t\t\t\t<div class=\"elementor-button-wrapper\">\n\t\t\t\t\t<a class=\"elementor-button elementor-button-link elementor-size-sm\" href=\"https:\/\/oncomatryx.com\/es\/ensayos-clinicos\/#investigadores\">\n\t\t\t\t\t\t<span class=\"elementor-button-content-wrapper\">\n\t\t\t\t\t\t\t\t\t<span class=\"elementor-button-text\">Ensayos cl\u00ednicos<\/span>\n\t\t\t\t\t<\/span>\n\t\t\t\t\t<\/a>\n\t\t\t\t<\/div>\n\t\t\t\t\t\t\t\t<\/div>\n\t\t\t\t<\/div>\n\t\t\t\t\t<\/div>\n\t\t\t\t<\/div>\n\t\t<div class=\"elementor-element elementor-element-7a5c188 e-flex e-con-boxed e-con e-child\" data-id=\"7a5c188\" data-element_type=\"container\" data-e-type=\"container\">\n\t\t\t\t\t<div class=\"e-con-inner\">\n\t\t\t\t<div class=\"elementor-element elementor-element-af78fbc elementor-widget elementor-widget-image\" data-id=\"af78fbc\" data-element_type=\"widget\" data-e-type=\"widget\" data-widget_type=\"image.default\">\n\t\t\t\t<div class=\"elementor-widget-container\">\n\t\t\t\t\t\t\t\t\t\t\t\t\t\t\t<img decoding=\"async\" width=\"640\" height=\"640\" src=\"https:\/\/oncomatryx.com\/wp-content\/uploads\/2024\/04\/ensayos-pacientes.jpg\" class=\"attachment-full size-full wp-image-780\" alt=\"\" srcset=\"https:\/\/oncomatryx.com\/wp-content\/uploads\/2024\/04\/ensayos-pacientes.jpg 640w, https:\/\/oncomatryx.com\/wp-content\/uploads\/2024\/04\/ensayos-pacientes-300x300.jpg 300w, https:\/\/oncomatryx.com\/wp-content\/uploads\/2024\/04\/ensayos-pacientes-150x150.jpg 150w\" sizes=\"(max-width: 640px) 100vw, 640px\" \/>\t\t\t\t\t\t\t\t\t\t\t\t\t\t\t<\/div>\n\t\t\t\t<\/div>\n\t\t\t\t<div class=\"elementor-element elementor-element-074d73a elementor-widget elementor-widget-heading\" data-id=\"074d73a\" data-element_type=\"widget\" data-e-type=\"widget\" data-widget_type=\"heading.default\">\n\t\t\t\t<div class=\"elementor-widget-container\">\n\t\t\t\t\t<h3 class=\"elementor-heading-title elementor-size-default\">Para pacientes<\/h3>\t\t\t\t<\/div>\n\t\t\t\t<\/div>\n\t\t\t\t<div class=\"elementor-element elementor-element-e8cc8e8 elementor-widget elementor-widget-text-editor\" data-id=\"e8cc8e8\" data-element_type=\"widget\" data-e-type=\"widget\" data-widget_type=\"text-editor.default\">\n\t\t\t\t<div class=\"elementor-widget-container\">\n\t\t\t\t\t\t\t\t\t<p>Conoce por qu\u00e9 participar en un ensayo cl\u00ednico<\/p>\t\t\t\t\t\t\t\t<\/div>\n\t\t\t\t<\/div>\n\t\t\t\t<div class=\"elementor-element elementor-element-4f432ae elementor-align-center elementor-widget elementor-widget-button\" data-id=\"4f432ae\" data-element_type=\"widget\" data-e-type=\"widget\" data-widget_type=\"button.default\">\n\t\t\t\t<div class=\"elementor-widget-container\">\n\t\t\t\t\t\t\t\t\t<div class=\"elementor-button-wrapper\">\n\t\t\t\t\t<a class=\"elementor-button elementor-button-link elementor-size-sm\" href=\"https:\/\/oncomatryx.com\/es\/ensayos-clinicos\/#paciente\">\n\t\t\t\t\t\t<span class=\"elementor-button-content-wrapper\">\n\t\t\t\t\t\t\t\t\t<span class=\"elementor-button-text\">Ensayos cl\u00ednicos<\/span>\n\t\t\t\t\t<\/span>\n\t\t\t\t\t<\/a>\n\t\t\t\t<\/div>\n\t\t\t\t\t\t\t\t<\/div>\n\t\t\t\t<\/div>\n\t\t\t\t\t<\/div>\n\t\t\t\t<\/div>\n\t\t\t\t\t<\/div>\n\t\t\t\t<\/div>\n\t\t\t\t\t<\/div>\n\t\t\t\t<\/div>\n\t\t<div class=\"elementor-element elementor-element-33a0af1 e-flex e-con-boxed e-con e-parent\" data-id=\"33a0af1\" data-element_type=\"container\" data-e-type=\"container\" data-settings=\"{&quot;background_background&quot;:&quot;classic&quot;}\">\n\t\t\t\t\t<div class=\"e-con-inner\">\n\t\t\t\t<div class=\"elementor-element elementor-element-e5cac1a elementor-widget elementor-widget-heading\" data-id=\"e5cac1a\" data-element_type=\"widget\" data-e-type=\"widget\" data-widget_type=\"heading.default\">\n\t\t\t\t<div class=\"elementor-widget-container\">\n\t\t\t\t\t<h2 class=\"elementor-heading-title elementor-size-default\">Nuestras \u00faltimas noticias<\/h2>\t\t\t\t<\/div>\n\t\t\t\t<\/div>\n\t\t<div class=\"elementor-element elementor-element-4f4182f e-con-full e-flex e-con e-child\" data-id=\"4f4182f\" data-element_type=\"container\" data-e-type=\"container\" data-settings=\"{&quot;background_background&quot;:&quot;classic&quot;}\">\n\t\t\t\t<div class=\"elementor-element elementor-element-70c8eec elementor-grid-3 elementor-grid-tablet-2 elementor-grid-mobile-1 elementor-posts--thumbnail-top elementor-widget elementor-widget-posts\" data-id=\"70c8eec\" data-element_type=\"widget\" data-e-type=\"widget\" data-settings=\"{&quot;classic_columns&quot;:&quot;3&quot;,&quot;classic_columns_tablet&quot;:&quot;2&quot;,&quot;classic_columns_mobile&quot;:&quot;1&quot;,&quot;classic_row_gap&quot;:{&quot;unit&quot;:&quot;px&quot;,&quot;size&quot;:35,&quot;sizes&quot;:[]},&quot;classic_row_gap_laptop&quot;:{&quot;unit&quot;:&quot;px&quot;,&quot;size&quot;:&quot;&quot;,&quot;sizes&quot;:[]},&quot;classic_row_gap_tablet_extra&quot;:{&quot;unit&quot;:&quot;px&quot;,&quot;size&quot;:&quot;&quot;,&quot;sizes&quot;:[]},&quot;classic_row_gap_tablet&quot;:{&quot;unit&quot;:&quot;px&quot;,&quot;size&quot;:&quot;&quot;,&quot;sizes&quot;:[]},&quot;classic_row_gap_mobile_extra&quot;:{&quot;unit&quot;:&quot;px&quot;,&quot;size&quot;:&quot;&quot;,&quot;sizes&quot;:[]},&quot;classic_row_gap_mobile&quot;:{&quot;unit&quot;:&quot;px&quot;,&quot;size&quot;:&quot;&quot;,&quot;sizes&quot;:[]}}\" data-widget_type=\"posts.classic\">\n\t\t\t\t<div class=\"elementor-widget-container\">\n\t\t\t\t\t\t\t<div class=\"elementor-posts-container elementor-posts elementor-posts--skin-classic elementor-grid\" role=\"list\">\n\t\t\t\t<article class=\"elementor-post elementor-grid-item post-10141 post type-post status-publish format-standard has-post-thumbnail hentry category-noticias category-prensa\" role=\"listitem\">\n\t\t\t\t<a class=\"elementor-post__thumbnail__link\" href=\"https:\/\/oncomatryx.com\/es\/kutxa-fundazioa-el-gobierno-vasco-y-el-gobierno-de-espana-impulsan-la-transformacion-de-oncomatryx-en-biofarmaceutica\/\" tabindex=\"-1\" >\n\t\t\t<div class=\"elementor-post__thumbnail\"><img decoding=\"async\" width=\"300\" height=\"200\" src=\"https:\/\/oncomatryx.com\/wp-content\/uploads\/2026\/03\/DSF4350-300x200.jpg\" class=\"attachment-medium size-medium wp-image-10143\" alt=\"\" srcset=\"https:\/\/oncomatryx.com\/wp-content\/uploads\/2026\/03\/DSF4350-300x200.jpg 300w, https:\/\/oncomatryx.com\/wp-content\/uploads\/2026\/03\/DSF4350-1024x683.jpg 1024w, https:\/\/oncomatryx.com\/wp-content\/uploads\/2026\/03\/DSF4350-768x512.jpg 768w, https:\/\/oncomatryx.com\/wp-content\/uploads\/2026\/03\/DSF4350-1536x1024.jpg 1536w, https:\/\/oncomatryx.com\/wp-content\/uploads\/2026\/03\/DSF4350.jpg 1920w\" sizes=\"(max-width: 300px) 100vw, 300px\" \/><\/div>\n\t\t<\/a>\n\t\t\t\t<div class=\"elementor-post__text\">\n\t\t\t\t<h3 class=\"elementor-post__title\">\n\t\t\t<a href=\"https:\/\/oncomatryx.com\/es\/kutxa-fundazioa-el-gobierno-vasco-y-el-gobierno-de-espana-impulsan-la-transformacion-de-oncomatryx-en-biofarmaceutica\/\" >\n\t\t\t\tKutxa Fundazioa, el Gobierno Vasco y el Gobierno de Espa\u00f1a impulsan la transformaci\u00f3n de Oncomatryx en biofarmac\u00e9utica\t\t\t<\/a>\n\t\t<\/h3>\n\t\t\t\t<div class=\"elementor-post__meta-data\">\n\t\t\t\t\t<span class=\"elementor-post-date\">\n\t\t\tmarzo 23, 2026\t\t<\/span>\n\t\t\t\t<span class=\"elementor-post-avatar\">\n\t\t\tNo hay comentarios\t\t<\/span>\n\t\t\t\t<\/div>\n\t\t\t\t\t<div class=\"elementor-post__read-more-wrapper\">\n\t\t\n\t\t<a class=\"elementor-post__read-more\" href=\"https:\/\/oncomatryx.com\/es\/kutxa-fundazioa-el-gobierno-vasco-y-el-gobierno-de-espana-impulsan-la-transformacion-de-oncomatryx-en-biofarmaceutica\/\" aria-label=\"M\u00e1s informaci\u00f3n sobre Kutxa Fundazioa, el Gobierno Vasco y el Gobierno de Espa\u00f1a impulsan la transformaci\u00f3n de Oncomatryx en biofarmac\u00e9utica\" tabindex=\"-1\" >\n\t\t\tRead More \u00bb\t\t<\/a>\n\n\t\t\t\t\t<\/div>\n\t\t\t\t<\/div>\n\t\t\t\t<\/article>\n\t\t\t\t<article class=\"elementor-post elementor-grid-item post-10076 post type-post status-publish format-standard has-post-thumbnail hentry category-noticias category-prensa\" role=\"listitem\">\n\t\t\t\t<a class=\"elementor-post__thumbnail__link\" href=\"https:\/\/oncomatryx.com\/es\/oncomatryx-recibe-de-manos-del-rey-el-premio-a-la-innovacion-del-banco-santander-y-la-camara-de-comercio-de-espana\/\" tabindex=\"-1\" >\n\t\t\t<div class=\"elementor-post__thumbnail\"><img loading=\"lazy\" decoding=\"async\" width=\"300\" height=\"200\" src=\"https:\/\/oncomatryx.com\/wp-content\/uploads\/2026\/02\/1771508507316-300x200.jpg\" class=\"attachment-medium size-medium wp-image-10077\" alt=\"\" srcset=\"https:\/\/oncomatryx.com\/wp-content\/uploads\/2026\/02\/1771508507316-300x200.jpg 300w, https:\/\/oncomatryx.com\/wp-content\/uploads\/2026\/02\/1771508507316-1024x683.jpg 1024w, https:\/\/oncomatryx.com\/wp-content\/uploads\/2026\/02\/1771508507316-768x512.jpg 768w, https:\/\/oncomatryx.com\/wp-content\/uploads\/2026\/02\/1771508507316-1536x1025.jpg 1536w, https:\/\/oncomatryx.com\/wp-content\/uploads\/2026\/02\/1771508507316.jpg 2048w\" sizes=\"(max-width: 300px) 100vw, 300px\" \/><\/div>\n\t\t<\/a>\n\t\t\t\t<div class=\"elementor-post__text\">\n\t\t\t\t<h3 class=\"elementor-post__title\">\n\t\t\t<a href=\"https:\/\/oncomatryx.com\/es\/oncomatryx-recibe-de-manos-del-rey-el-premio-a-la-innovacion-del-banco-santander-y-la-camara-de-comercio-de-espana\/\" >\n\t\t\t\tOncomatryx recibe de manos del Rey el Premio a la Innovaci\u00f3n del Banco Santander y La C\u00e1mara de Comercio de Espa\u00f1a\t\t\t<\/a>\n\t\t<\/h3>\n\t\t\t\t<div class=\"elementor-post__meta-data\">\n\t\t\t\t\t<span class=\"elementor-post-date\">\n\t\t\tfebrero 20, 2026\t\t<\/span>\n\t\t\t\t<span class=\"elementor-post-avatar\">\n\t\t\tNo hay comentarios\t\t<\/span>\n\t\t\t\t<\/div>\n\t\t\t\t\t<div class=\"elementor-post__read-more-wrapper\">\n\t\t\n\t\t<a class=\"elementor-post__read-more\" href=\"https:\/\/oncomatryx.com\/es\/oncomatryx-recibe-de-manos-del-rey-el-premio-a-la-innovacion-del-banco-santander-y-la-camara-de-comercio-de-espana\/\" aria-label=\"M\u00e1s informaci\u00f3n sobre Oncomatryx recibe de manos del Rey el Premio a la Innovaci\u00f3n del Banco Santander y La C\u00e1mara de Comercio de Espa\u00f1a\" tabindex=\"-1\" >\n\t\t\tRead More \u00bb\t\t<\/a>\n\n\t\t\t\t\t<\/div>\n\t\t\t\t<\/div>\n\t\t\t\t<\/article>\n\t\t\t\t<article class=\"elementor-post elementor-grid-item post-9924 post type-post status-publish format-standard has-post-thumbnail hentry category-noticias category-prensa\" role=\"listitem\">\n\t\t\t\t<a class=\"elementor-post__thumbnail__link\" href=\"https:\/\/oncomatryx.com\/es\/un-farmaco-espanol-da-una-nueva-esperanza-a-los-pacientes-con-cancer-metastasico\/\" tabindex=\"-1\" >\n\t\t\t<div class=\"elementor-post__thumbnail\"><img loading=\"lazy\" decoding=\"async\" width=\"300\" height=\"200\" src=\"https:\/\/oncomatryx.com\/wp-content\/uploads\/2025\/11\/DSF4040-300x200.jpg\" class=\"attachment-medium size-medium wp-image-9892\" alt=\"\" srcset=\"https:\/\/oncomatryx.com\/wp-content\/uploads\/2025\/11\/DSF4040-300x200.jpg 300w, https:\/\/oncomatryx.com\/wp-content\/uploads\/2025\/11\/DSF4040-1024x683.jpg 1024w, https:\/\/oncomatryx.com\/wp-content\/uploads\/2025\/11\/DSF4040-768x512.jpg 768w, https:\/\/oncomatryx.com\/wp-content\/uploads\/2025\/11\/DSF4040-1536x1024.jpg 1536w, https:\/\/oncomatryx.com\/wp-content\/uploads\/2025\/11\/DSF4040.jpg 1920w\" sizes=\"(max-width: 300px) 100vw, 300px\" \/><\/div>\n\t\t<\/a>\n\t\t\t\t<div class=\"elementor-post__text\">\n\t\t\t\t<h3 class=\"elementor-post__title\">\n\t\t\t<a href=\"https:\/\/oncomatryx.com\/es\/un-farmaco-espanol-da-una-nueva-esperanza-a-los-pacientes-con-cancer-metastasico\/\" >\n\t\t\t\tUn f\u00e1rmaco espa\u00f1ol da una nueva esperanza a los pacientes con c\u00e1ncer metast\u00e1sico\t\t\t<\/a>\n\t\t<\/h3>\n\t\t\t\t<div class=\"elementor-post__meta-data\">\n\t\t\t\t\t<span class=\"elementor-post-date\">\n\t\t\tnoviembre 20, 2025\t\t<\/span>\n\t\t\t\t<span class=\"elementor-post-avatar\">\n\t\t\tNo hay comentarios\t\t<\/span>\n\t\t\t\t<\/div>\n\t\t\t\t\t<div class=\"elementor-post__read-more-wrapper\">\n\t\t\n\t\t<a class=\"elementor-post__read-more\" href=\"https:\/\/oncomatryx.com\/es\/un-farmaco-espanol-da-una-nueva-esperanza-a-los-pacientes-con-cancer-metastasico\/\" aria-label=\"M\u00e1s informaci\u00f3n sobre Un f\u00e1rmaco espa\u00f1ol da una nueva esperanza a los pacientes con c\u00e1ncer metast\u00e1sico\" tabindex=\"-1\" >\n\t\t\tRead More \u00bb\t\t<\/a>\n\n\t\t\t\t\t<\/div>\n\t\t\t\t<\/div>\n\t\t\t\t<\/article>\n\t\t\t\t<\/div>\n\t\t\n\t\t\t\t\t\t<\/div>\n\t\t\t\t<\/div>\n\t\t\t\t<\/div>\n\t\t\t\t\t<\/div>\n\t\t\t\t<\/div>\n\t\t\t\t<\/div>\n\t\t","protected":false},"excerpt":{"rendered":"<p>Modulamos el microentorno del tumor Somos innovaci\u00f3n, ilusi\u00f3n y esperanza. M\u00e1s que una empresa biotecnol\u00f3gica. Un equipo multidisciplinario comprometido con la ciencia, la medicina y<\/p>\n","protected":false},"author":1,"featured_media":0,"parent":0,"menu_order":0,"comment_status":"closed","ping_status":"closed","template":"elementor_header_footer","meta":{"inline_featured_image":false,"footnotes":""},"class_list":["post-1521","page","type-page","status-publish","hentry"],"_links":{"self":[{"href":"https:\/\/oncomatryx.com\/es\/wp-json\/wp\/v2\/pages\/1521","targetHints":{"allow":["GET"]}}],"collection":[{"href":"https:\/\/oncomatryx.com\/es\/wp-json\/wp\/v2\/pages"}],"about":[{"href":"https:\/\/oncomatryx.com\/es\/wp-json\/wp\/v2\/types\/page"}],"author":[{"embeddable":true,"href":"https:\/\/oncomatryx.com\/es\/wp-json\/wp\/v2\/users\/1"}],"replies":[{"embeddable":true,"href":"https:\/\/oncomatryx.com\/es\/wp-json\/wp\/v2\/comments?post=1521"}],"version-history":[{"count":60,"href":"https:\/\/oncomatryx.com\/es\/wp-json\/wp\/v2\/pages\/1521\/revisions"}],"predecessor-version":[{"id":9561,"href":"https:\/\/oncomatryx.com\/es\/wp-json\/wp\/v2\/pages\/1521\/revisions\/9561"}],"wp:attachment":[{"href":"https:\/\/oncomatryx.com\/es\/wp-json\/wp\/v2\/media?parent=1521"}],"curies":[{"name":"wp","href":"https:\/\/api.w.org\/{rel}","templated":true}]}}