{"id":528,"date":"2024-03-30T15:47:57","date_gmt":"2024-03-30T15:47:57","guid":{"rendered":"https:\/\/oncomatryx.com\/?page_id=528"},"modified":"2025-10-10T12:45:25","modified_gmt":"2025-10-10T12:45:25","slug":"noticias-y-publicaciones","status":"publish","type":"page","link":"https:\/\/oncomatryx.com\/es\/noticias-y-publicaciones\/","title":{"rendered":"Noticias y Publicaciones"},"content":{"rendered":"\t\t<div data-elementor-type=\"wp-page\" data-elementor-id=\"528\" class=\"elementor elementor-528\" data-elementor-post-type=\"page\">\n\t\t\t\t<div class=\"elementor-element elementor-element-8ad3f79 back e-flex e-con-boxed e-con e-parent\" data-id=\"8ad3f79\" data-element_type=\"container\" data-e-type=\"container\" data-settings=\"{&quot;background_background&quot;:&quot;classic&quot;,&quot;shape_divider_bottom&quot;:&quot;curve&quot;,&quot;shape_divider_bottom_negative&quot;:&quot;yes&quot;}\">\n\t\t\t\t\t<div class=\"e-con-inner\">\n\t\t\t\t<div class=\"elementor-shape elementor-shape-bottom\" aria-hidden=\"true\" data-negative=\"true\">\n\t\t\t<svg xmlns=\"http:\/\/www.w3.org\/2000\/svg\" viewBox=\"0 0 1000 100\" preserveAspectRatio=\"none\">\n\t<path class=\"elementor-shape-fill\" d=\"M500,97C126.7,96.3,0.8,19.8,0,0v100l1000,0V1C1000,19.4,873.3,97.8,500,97z\"\/>\n<\/svg>\t\t<\/div>\n\t\t<div class=\"elementor-element elementor-element-296fed3 e-con-full e-flex e-con e-child\" data-id=\"296fed3\" data-element_type=\"container\" data-e-type=\"container\">\n\t\t\t\t<div class=\"elementor-element elementor-element-6571958 titulo-principal elementor-widget elementor-widget-heading\" data-id=\"6571958\" data-element_type=\"widget\" data-e-type=\"widget\" data-widget_type=\"heading.default\">\n\t\t\t\t<div class=\"elementor-widget-container\">\n\t\t\t\t\t<h1 class=\"elementor-heading-title elementor-size-default\">Noticias y<span class=\"letra-bold\"> publicaciones<\/span>\n\n\n<\/h1>\t\t\t\t<\/div>\n\t\t\t\t<\/div>\n\t\t<div class=\"elementor-element elementor-element-1a1c381 e-flex e-con-boxed e-con e-child\" data-id=\"1a1c381\" data-element_type=\"container\" data-e-type=\"container\">\n\t\t\t\t\t<div class=\"e-con-inner\">\n\t\t\t\t<div class=\"elementor-element elementor-element-4ea77a8 elementor-tablet_extra-align-start elementor-icon-list--layout-traditional elementor-list-item-link-full_width elementor-widget elementor-widget-icon-list\" data-id=\"4ea77a8\" data-element_type=\"widget\" data-e-type=\"widget\" data-widget_type=\"icon-list.default\">\n\t\t\t\t<div class=\"elementor-widget-container\">\n\t\t\t\t\t\t\t<ul class=\"elementor-icon-list-items\">\n\t\t\t\t\t\t\t<li class=\"elementor-icon-list-item\">\n\t\t\t\t\t\t\t\t\t\t\t<a href=\"#noticias\">\n\n\t\t\t\t\t\t\t\t\t\t\t\t<span class=\"elementor-icon-list-icon\">\n\t\t\t\t\t\t\t<svg aria-hidden=\"true\" class=\"e-font-icon-svg e-far-newspaper\" viewBox=\"0 0 576 512\" xmlns=\"http:\/\/www.w3.org\/2000\/svg\"><path d=\"M552 64H112c-20.858 0-38.643 13.377-45.248 32H24c-13.255 0-24 10.745-24 24v272c0 30.928 25.072 56 56 56h496c13.255 0 24-10.745 24-24V88c0-13.255-10.745-24-24-24zM48 392V144h16v248c0 4.411-3.589 8-8 8s-8-3.589-8-8zm480 8H111.422c.374-2.614.578-5.283.578-8V112h416v288zM172 280h136c6.627 0 12-5.373 12-12v-96c0-6.627-5.373-12-12-12H172c-6.627 0-12 5.373-12 12v96c0 6.627 5.373 12 12 12zm28-80h80v40h-80v-40zm-40 140v-24c0-6.627 5.373-12 12-12h136c6.627 0 12 5.373 12 12v24c0 6.627-5.373 12-12 12H172c-6.627 0-12-5.373-12-12zm192 0v-24c0-6.627 5.373-12 12-12h104c6.627 0 12 5.373 12 12v24c0 6.627-5.373 12-12 12H364c-6.627 0-12-5.373-12-12zm0-144v-24c0-6.627 5.373-12 12-12h104c6.627 0 12 5.373 12 12v24c0 6.627-5.373 12-12 12H364c-6.627 0-12-5.373-12-12zm0 72v-24c0-6.627 5.373-12 12-12h104c6.627 0 12 5.373 12 12v24c0 6.627-5.373 12-12 12H364c-6.627 0-12-5.373-12-12z\"><\/path><\/svg>\t\t\t\t\t\t<\/span>\n\t\t\t\t\t\t\t\t\t\t<span class=\"elementor-icon-list-text\">Noticias<\/span>\n\t\t\t\t\t\t\t\t\t\t\t<\/a>\n\t\t\t\t\t\t\t\t\t<\/li>\n\t\t\t\t\t\t\t\t<li class=\"elementor-icon-list-item\">\n\t\t\t\t\t\t\t\t\t\t\t<a href=\"#eventos\">\n\n\t\t\t\t\t\t\t\t\t\t\t\t<span class=\"elementor-icon-list-icon\">\n\t\t\t\t\t\t\t<svg aria-hidden=\"true\" class=\"e-font-icon-svg e-far-image\" viewBox=\"0 0 512 512\" xmlns=\"http:\/\/www.w3.org\/2000\/svg\"><path d=\"M464 64H48C21.49 64 0 85.49 0 112v288c0 26.51 21.49 48 48 48h416c26.51 0 48-21.49 48-48V112c0-26.51-21.49-48-48-48zm-6 336H54a6 6 0 0 1-6-6V118a6 6 0 0 1 6-6h404a6 6 0 0 1 6 6v276a6 6 0 0 1-6 6zM128 152c-22.091 0-40 17.909-40 40s17.909 40 40 40 40-17.909 40-40-17.909-40-40-40zM96 352h320v-80l-87.515-87.515c-4.686-4.686-12.284-4.686-16.971 0L192 304l-39.515-39.515c-4.686-4.686-12.284-4.686-16.971 0L96 304v48z\"><\/path><\/svg>\t\t\t\t\t\t<\/span>\n\t\t\t\t\t\t\t\t\t\t<span class=\"elementor-icon-list-text\">Eventos<\/span>\n\t\t\t\t\t\t\t\t\t\t\t<\/a>\n\t\t\t\t\t\t\t\t\t<\/li>\n\t\t\t\t\t\t\t\t<li class=\"elementor-icon-list-item\">\n\t\t\t\t\t\t\t\t\t\t\t<a href=\"#publicaciones\">\n\n\t\t\t\t\t\t\t\t\t\t\t\t<span class=\"elementor-icon-list-icon\">\n\t\t\t\t\t\t\t<svg aria-hidden=\"true\" class=\"e-font-icon-svg e-fas-microscope\" viewBox=\"0 0 512 512\" xmlns=\"http:\/\/www.w3.org\/2000\/svg\"><path d=\"M160 320h12v16c0 8.84 7.16 16 16 16h40c8.84 0 16-7.16 16-16v-16h12c17.67 0 32-14.33 32-32V64c0-17.67-14.33-32-32-32V16c0-8.84-7.16-16-16-16h-64c-8.84 0-16 7.16-16 16v16c-17.67 0-32 14.33-32 32v224c0 17.67 14.33 32 32 32zm304 128h-1.29C493.24 413.99 512 369.2 512 320c0-105.88-86.12-192-192-192v64c70.58 0 128 57.42 128 128s-57.42 128-128 128H48c-26.51 0-48 21.49-48 48 0 8.84 7.16 16 16 16h480c8.84 0 16-7.16 16-16 0-26.51-21.49-48-48-48zm-360-32h208c4.42 0 8-3.58 8-8v-16c0-4.42-3.58-8-8-8H104c-4.42 0-8 3.58-8 8v16c0 4.42 3.58 8 8 8z\"><\/path><\/svg>\t\t\t\t\t\t<\/span>\n\t\t\t\t\t\t\t\t\t\t<span class=\"elementor-icon-list-text\">Publicaciones<\/span>\n\t\t\t\t\t\t\t\t\t\t\t<\/a>\n\t\t\t\t\t\t\t\t\t<\/li>\n\t\t\t\t\t\t<\/ul>\n\t\t\t\t\t\t<\/div>\n\t\t\t\t<\/div>\n\t\t\t\t\t<\/div>\n\t\t\t\t<\/div>\n\t\t\t\t<\/div>\n\t\t\t\t\t<\/div>\n\t\t\t\t<\/div>\n\t\t<div class=\"elementor-element elementor-element-87ce1ac e-con-full e-flex e-con e-parent\" data-id=\"87ce1ac\" data-element_type=\"container\" data-e-type=\"container\" id=\"noticias\" data-settings=\"{&quot;background_background&quot;:&quot;classic&quot;}\">\n\t\t<div class=\"elementor-element elementor-element-12cddd7 e-flex e-con-boxed e-con e-child\" data-id=\"12cddd7\" data-element_type=\"container\" data-e-type=\"container\" data-settings=\"{&quot;background_background&quot;:&quot;classic&quot;}\">\n\t\t\t\t\t<div class=\"e-con-inner\">\n\t\t\t\t<div class=\"elementor-element elementor-element-c2c853f titulo-secundario elementor-widget elementor-widget-heading\" data-id=\"c2c853f\" data-element_type=\"widget\" data-e-type=\"widget\" id=\"Noticias\" data-widget_type=\"heading.default\">\n\t\t\t\t<div class=\"elementor-widget-container\">\n\t\t\t\t\t<h2 class=\"elementor-heading-title elementor-size-default\"><a href=\"#noticias\">Noticias<\/a><\/h2>\t\t\t\t<\/div>\n\t\t\t\t<\/div>\n\t\t<div class=\"elementor-element elementor-element-28fa6db e-con-full e-flex e-con e-child\" data-id=\"28fa6db\" data-element_type=\"container\" data-e-type=\"container\">\n\t\t\t\t<div class=\"elementor-element elementor-element-dfb8843 elementor-grid-2 elementor-grid-tablet-2 elementor-grid-mobile-1 elementor-posts--thumbnail-top elementor-widget elementor-widget-posts\" data-id=\"dfb8843\" data-element_type=\"widget\" data-e-type=\"widget\" data-settings=\"{&quot;classic_columns&quot;:&quot;2&quot;,&quot;classic_columns_tablet&quot;:&quot;2&quot;,&quot;classic_columns_mobile&quot;:&quot;1&quot;,&quot;classic_row_gap&quot;:{&quot;unit&quot;:&quot;px&quot;,&quot;size&quot;:35,&quot;sizes&quot;:[]},&quot;classic_row_gap_laptop&quot;:{&quot;unit&quot;:&quot;px&quot;,&quot;size&quot;:&quot;&quot;,&quot;sizes&quot;:[]},&quot;classic_row_gap_tablet_extra&quot;:{&quot;unit&quot;:&quot;px&quot;,&quot;size&quot;:&quot;&quot;,&quot;sizes&quot;:[]},&quot;classic_row_gap_tablet&quot;:{&quot;unit&quot;:&quot;px&quot;,&quot;size&quot;:&quot;&quot;,&quot;sizes&quot;:[]},&quot;classic_row_gap_mobile_extra&quot;:{&quot;unit&quot;:&quot;px&quot;,&quot;size&quot;:&quot;&quot;,&quot;sizes&quot;:[]},&quot;classic_row_gap_mobile&quot;:{&quot;unit&quot;:&quot;px&quot;,&quot;size&quot;:&quot;&quot;,&quot;sizes&quot;:[]}}\" data-widget_type=\"posts.classic\">\n\t\t\t\t<div class=\"elementor-widget-container\">\n\t\t\t\t\t\t\t<div class=\"elementor-posts-container elementor-posts elementor-posts--skin-classic elementor-grid\" role=\"list\">\n\t\t\t\t<article class=\"elementor-post elementor-grid-item post-10141 post type-post status-publish format-standard has-post-thumbnail hentry category-noticias category-prensa\" role=\"listitem\">\n\t\t\t\t<a class=\"elementor-post__thumbnail__link\" href=\"https:\/\/oncomatryx.com\/es\/kutxa-fundazioa-el-gobierno-vasco-y-el-gobierno-de-espana-impulsan-la-transformacion-de-oncomatryx-en-biofarmaceutica\/\" tabindex=\"-1\" >\n\t\t\t<div class=\"elementor-post__thumbnail\"><img fetchpriority=\"high\" decoding=\"async\" width=\"300\" height=\"200\" src=\"https:\/\/oncomatryx.com\/wp-content\/uploads\/2026\/03\/DSF4350-300x200.jpg\" class=\"attachment-medium size-medium wp-image-10143\" alt=\"\" srcset=\"https:\/\/oncomatryx.com\/wp-content\/uploads\/2026\/03\/DSF4350-300x200.jpg 300w, https:\/\/oncomatryx.com\/wp-content\/uploads\/2026\/03\/DSF4350-1024x683.jpg 1024w, https:\/\/oncomatryx.com\/wp-content\/uploads\/2026\/03\/DSF4350-768x512.jpg 768w, https:\/\/oncomatryx.com\/wp-content\/uploads\/2026\/03\/DSF4350-1536x1024.jpg 1536w, https:\/\/oncomatryx.com\/wp-content\/uploads\/2026\/03\/DSF4350.jpg 1920w\" sizes=\"(max-width: 300px) 100vw, 300px\" \/><\/div>\n\t\t<\/a>\n\t\t\t\t<div class=\"elementor-post__text\">\n\t\t\t\t<h3 class=\"elementor-post__title\">\n\t\t\t<a href=\"https:\/\/oncomatryx.com\/es\/kutxa-fundazioa-el-gobierno-vasco-y-el-gobierno-de-espana-impulsan-la-transformacion-de-oncomatryx-en-biofarmaceutica\/\" >\n\t\t\t\tKutxa Fundazioa, el Gobierno Vasco y el Gobierno de Espa\u00f1a impulsan la transformaci\u00f3n de Oncomatryx en biofarmac\u00e9utica\t\t\t<\/a>\n\t\t<\/h3>\n\t\t\t\t<div class=\"elementor-post__meta-data\">\n\t\t\t\t\t<span class=\"elementor-post-date\">\n\t\t\tmarzo 23, 2026\t\t<\/span>\n\t\t\t\t<span class=\"elementor-post-avatar\">\n\t\t\tNo hay comentarios\t\t<\/span>\n\t\t\t\t<\/div>\n\t\t\t\t\t<div class=\"elementor-post__read-more-wrapper\">\n\t\t\n\t\t<a class=\"elementor-post__read-more\" href=\"https:\/\/oncomatryx.com\/es\/kutxa-fundazioa-el-gobierno-vasco-y-el-gobierno-de-espana-impulsan-la-transformacion-de-oncomatryx-en-biofarmaceutica\/\" aria-label=\"M\u00e1s informaci\u00f3n sobre Kutxa Fundazioa, el Gobierno Vasco y el Gobierno de Espa\u00f1a impulsan la transformaci\u00f3n de Oncomatryx en biofarmac\u00e9utica\" tabindex=\"-1\" >\n\t\t\tRead More \u00bb\t\t<\/a>\n\n\t\t\t\t\t<\/div>\n\t\t\t\t<\/div>\n\t\t\t\t<\/article>\n\t\t\t\t<article class=\"elementor-post elementor-grid-item post-10076 post type-post status-publish format-standard has-post-thumbnail hentry category-noticias category-prensa\" role=\"listitem\">\n\t\t\t\t<a class=\"elementor-post__thumbnail__link\" href=\"https:\/\/oncomatryx.com\/es\/oncomatryx-recibe-de-manos-del-rey-el-premio-a-la-innovacion-del-banco-santander-y-la-camara-de-comercio-de-espana\/\" tabindex=\"-1\" >\n\t\t\t<div class=\"elementor-post__thumbnail\"><img decoding=\"async\" width=\"300\" height=\"200\" src=\"https:\/\/oncomatryx.com\/wp-content\/uploads\/2026\/02\/1771508507316-300x200.jpg\" class=\"attachment-medium size-medium wp-image-10077\" alt=\"\" srcset=\"https:\/\/oncomatryx.com\/wp-content\/uploads\/2026\/02\/1771508507316-300x200.jpg 300w, https:\/\/oncomatryx.com\/wp-content\/uploads\/2026\/02\/1771508507316-1024x683.jpg 1024w, https:\/\/oncomatryx.com\/wp-content\/uploads\/2026\/02\/1771508507316-768x512.jpg 768w, https:\/\/oncomatryx.com\/wp-content\/uploads\/2026\/02\/1771508507316-1536x1025.jpg 1536w, https:\/\/oncomatryx.com\/wp-content\/uploads\/2026\/02\/1771508507316.jpg 2048w\" sizes=\"(max-width: 300px) 100vw, 300px\" \/><\/div>\n\t\t<\/a>\n\t\t\t\t<div class=\"elementor-post__text\">\n\t\t\t\t<h3 class=\"elementor-post__title\">\n\t\t\t<a href=\"https:\/\/oncomatryx.com\/es\/oncomatryx-recibe-de-manos-del-rey-el-premio-a-la-innovacion-del-banco-santander-y-la-camara-de-comercio-de-espana\/\" >\n\t\t\t\tOncomatryx recibe de manos del Rey el Premio a la Innovaci\u00f3n del Banco Santander y La C\u00e1mara de Comercio de Espa\u00f1a\t\t\t<\/a>\n\t\t<\/h3>\n\t\t\t\t<div class=\"elementor-post__meta-data\">\n\t\t\t\t\t<span class=\"elementor-post-date\">\n\t\t\tfebrero 20, 2026\t\t<\/span>\n\t\t\t\t<span class=\"elementor-post-avatar\">\n\t\t\tNo hay comentarios\t\t<\/span>\n\t\t\t\t<\/div>\n\t\t\t\t\t<div class=\"elementor-post__read-more-wrapper\">\n\t\t\n\t\t<a class=\"elementor-post__read-more\" href=\"https:\/\/oncomatryx.com\/es\/oncomatryx-recibe-de-manos-del-rey-el-premio-a-la-innovacion-del-banco-santander-y-la-camara-de-comercio-de-espana\/\" aria-label=\"M\u00e1s informaci\u00f3n sobre Oncomatryx recibe de manos del Rey el Premio a la Innovaci\u00f3n del Banco Santander y La C\u00e1mara de Comercio de Espa\u00f1a\" tabindex=\"-1\" >\n\t\t\tRead More \u00bb\t\t<\/a>\n\n\t\t\t\t\t<\/div>\n\t\t\t\t<\/div>\n\t\t\t\t<\/article>\n\t\t\t\t<article class=\"elementor-post elementor-grid-item post-9924 post type-post status-publish format-standard has-post-thumbnail hentry category-noticias category-prensa\" role=\"listitem\">\n\t\t\t\t<a class=\"elementor-post__thumbnail__link\" href=\"https:\/\/oncomatryx.com\/es\/un-farmaco-espanol-da-una-nueva-esperanza-a-los-pacientes-con-cancer-metastasico\/\" tabindex=\"-1\" >\n\t\t\t<div class=\"elementor-post__thumbnail\"><img decoding=\"async\" width=\"300\" height=\"200\" src=\"https:\/\/oncomatryx.com\/wp-content\/uploads\/2025\/11\/DSF4040-300x200.jpg\" class=\"attachment-medium size-medium wp-image-9892\" alt=\"\" srcset=\"https:\/\/oncomatryx.com\/wp-content\/uploads\/2025\/11\/DSF4040-300x200.jpg 300w, https:\/\/oncomatryx.com\/wp-content\/uploads\/2025\/11\/DSF4040-1024x683.jpg 1024w, https:\/\/oncomatryx.com\/wp-content\/uploads\/2025\/11\/DSF4040-768x512.jpg 768w, https:\/\/oncomatryx.com\/wp-content\/uploads\/2025\/11\/DSF4040-1536x1024.jpg 1536w, https:\/\/oncomatryx.com\/wp-content\/uploads\/2025\/11\/DSF4040.jpg 1920w\" sizes=\"(max-width: 300px) 100vw, 300px\" \/><\/div>\n\t\t<\/a>\n\t\t\t\t<div class=\"elementor-post__text\">\n\t\t\t\t<h3 class=\"elementor-post__title\">\n\t\t\t<a href=\"https:\/\/oncomatryx.com\/es\/un-farmaco-espanol-da-una-nueva-esperanza-a-los-pacientes-con-cancer-metastasico\/\" >\n\t\t\t\tUn f\u00e1rmaco espa\u00f1ol da una nueva esperanza a los pacientes con c\u00e1ncer metast\u00e1sico\t\t\t<\/a>\n\t\t<\/h3>\n\t\t\t\t<div class=\"elementor-post__meta-data\">\n\t\t\t\t\t<span class=\"elementor-post-date\">\n\t\t\tnoviembre 20, 2025\t\t<\/span>\n\t\t\t\t<span class=\"elementor-post-avatar\">\n\t\t\tNo hay comentarios\t\t<\/span>\n\t\t\t\t<\/div>\n\t\t\t\t\t<div class=\"elementor-post__read-more-wrapper\">\n\t\t\n\t\t<a class=\"elementor-post__read-more\" href=\"https:\/\/oncomatryx.com\/es\/un-farmaco-espanol-da-una-nueva-esperanza-a-los-pacientes-con-cancer-metastasico\/\" aria-label=\"M\u00e1s informaci\u00f3n sobre Un f\u00e1rmaco espa\u00f1ol da una nueva esperanza a los pacientes con c\u00e1ncer metast\u00e1sico\" tabindex=\"-1\" >\n\t\t\tRead More \u00bb\t\t<\/a>\n\n\t\t\t\t\t<\/div>\n\t\t\t\t<\/div>\n\t\t\t\t<\/article>\n\t\t\t\t<article class=\"elementor-post elementor-grid-item post-9585 post type-post status-publish format-standard has-post-thumbnail hentry category-noticias category-prensa\" role=\"listitem\">\n\t\t\t\t<a class=\"elementor-post__thumbnail__link\" href=\"https:\/\/oncomatryx.com\/es\/oncomatryx-recibe-el-reconocimiento-y-respaldo-de-la-ue-para-sus-pioneros-farmacos-contra-el-cancer-de-pancreas-y-otros-tumores-invasivos\/\" tabindex=\"-1\" >\n\t\t\t<div class=\"elementor-post__thumbnail\"><img loading=\"lazy\" decoding=\"async\" width=\"300\" height=\"169\" src=\"https:\/\/oncomatryx.com\/wp-content\/uploads\/2025\/07\/oncomatryx-lab-web-300x169.webp\" class=\"attachment-medium size-medium wp-image-9587\" alt=\"\" srcset=\"https:\/\/oncomatryx.com\/wp-content\/uploads\/2025\/07\/oncomatryx-lab-web-300x169.webp 300w, https:\/\/oncomatryx.com\/wp-content\/uploads\/2025\/07\/oncomatryx-lab-web-768x432.webp 768w, https:\/\/oncomatryx.com\/wp-content\/uploads\/2025\/07\/oncomatryx-lab-web.webp 960w\" sizes=\"(max-width: 300px) 100vw, 300px\" \/><\/div>\n\t\t<\/a>\n\t\t\t\t<div class=\"elementor-post__text\">\n\t\t\t\t<h3 class=\"elementor-post__title\">\n\t\t\t<a href=\"https:\/\/oncomatryx.com\/es\/oncomatryx-recibe-el-reconocimiento-y-respaldo-de-la-ue-para-sus-pioneros-farmacos-contra-el-cancer-de-pancreas-y-otros-tumores-invasivos\/\" >\n\t\t\t\tOncomatryx recibe el reconocimiento y respaldo de la UE para sus pioneros f\u00e1rmacos contra el c\u00e1ncer de p\u00e1ncreas y otros tumores invasivos\t\t\t<\/a>\n\t\t<\/h3>\n\t\t\t\t<div class=\"elementor-post__meta-data\">\n\t\t\t\t\t<span class=\"elementor-post-date\">\n\t\t\tjulio 29, 2025\t\t<\/span>\n\t\t\t\t<span class=\"elementor-post-avatar\">\n\t\t\tNo hay comentarios\t\t<\/span>\n\t\t\t\t<\/div>\n\t\t\t\t\t<div class=\"elementor-post__read-more-wrapper\">\n\t\t\n\t\t<a class=\"elementor-post__read-more\" href=\"https:\/\/oncomatryx.com\/es\/oncomatryx-recibe-el-reconocimiento-y-respaldo-de-la-ue-para-sus-pioneros-farmacos-contra-el-cancer-de-pancreas-y-otros-tumores-invasivos\/\" aria-label=\"M\u00e1s informaci\u00f3n sobre Oncomatryx recibe el reconocimiento y respaldo de la UE para sus pioneros f\u00e1rmacos contra el c\u00e1ncer de p\u00e1ncreas y otros tumores invasivos\" tabindex=\"-1\" >\n\t\t\tRead More \u00bb\t\t<\/a>\n\n\t\t\t\t\t<\/div>\n\t\t\t\t<\/div>\n\t\t\t\t<\/article>\n\t\t\t\t<\/div>\n\t\t\n\t\t\t\t\t\t<\/div>\n\t\t\t\t<\/div>\n\t\t\t\t<\/div>\n\t\t\t\t<div class=\"elementor-element elementor-element-4a6b87d titulo-secundario elementor-widget elementor-widget-heading\" data-id=\"4a6b87d\" data-element_type=\"widget\" data-e-type=\"widget\" id=\"eventos\" data-widget_type=\"heading.default\">\n\t\t\t\t<div class=\"elementor-widget-container\">\n\t\t\t\t\t<h2 class=\"elementor-heading-title elementor-size-default\">Eventos<\/h2>\t\t\t\t<\/div>\n\t\t\t\t<\/div>\n\t\t<div class=\"elementor-element elementor-element-afb2bb2 e-con-full e-flex e-con e-child\" data-id=\"afb2bb2\" data-element_type=\"container\" data-e-type=\"container\">\n\t\t\t\t<div class=\"elementor-element elementor-element-75e88ea elementor-grid-3 elementor-grid-tablet-2 elementor-grid-mobile-1 elementor-posts--thumbnail-top elementor-widget elementor-widget-posts\" data-id=\"75e88ea\" data-element_type=\"widget\" data-e-type=\"widget\" data-settings=\"{&quot;classic_columns&quot;:&quot;3&quot;,&quot;classic_columns_tablet&quot;:&quot;2&quot;,&quot;classic_columns_mobile&quot;:&quot;1&quot;,&quot;classic_row_gap&quot;:{&quot;unit&quot;:&quot;px&quot;,&quot;size&quot;:35,&quot;sizes&quot;:[]},&quot;classic_row_gap_laptop&quot;:{&quot;unit&quot;:&quot;px&quot;,&quot;size&quot;:&quot;&quot;,&quot;sizes&quot;:[]},&quot;classic_row_gap_tablet_extra&quot;:{&quot;unit&quot;:&quot;px&quot;,&quot;size&quot;:&quot;&quot;,&quot;sizes&quot;:[]},&quot;classic_row_gap_tablet&quot;:{&quot;unit&quot;:&quot;px&quot;,&quot;size&quot;:&quot;&quot;,&quot;sizes&quot;:[]},&quot;classic_row_gap_mobile_extra&quot;:{&quot;unit&quot;:&quot;px&quot;,&quot;size&quot;:&quot;&quot;,&quot;sizes&quot;:[]},&quot;classic_row_gap_mobile&quot;:{&quot;unit&quot;:&quot;px&quot;,&quot;size&quot;:&quot;&quot;,&quot;sizes&quot;:[]}}\" data-widget_type=\"posts.classic\">\n\t\t\t\t<div class=\"elementor-widget-container\">\n\t\t\t\t\t\t\t<div class=\"elementor-posts-container elementor-posts elementor-posts--skin-classic elementor-grid\" role=\"list\">\n\t\t\t\t<article class=\"elementor-post elementor-grid-item post-9557 post type-post status-publish format-standard has-post-thumbnail hentry category-eventos\" role=\"listitem\">\n\t\t\t\t<a class=\"elementor-post__thumbnail__link\" href=\"https:\/\/oncomatryx.com\/es\/eventos-2026\/\" tabindex=\"-1\" >\n\t\t\t<div class=\"elementor-post__thumbnail\"><img loading=\"lazy\" decoding=\"async\" width=\"300\" height=\"141\" src=\"https:\/\/oncomatryx.com\/wp-content\/uploads\/2024\/04\/no-gb1-300x141.jpg\" class=\"attachment-medium size-medium wp-image-1495\" alt=\"Agenda de Eventos 2025\" srcset=\"https:\/\/oncomatryx.com\/wp-content\/uploads\/2024\/04\/no-gb1-300x141.jpg 300w, https:\/\/oncomatryx.com\/wp-content\/uploads\/2024\/04\/no-gb1-1024x480.jpg 1024w, https:\/\/oncomatryx.com\/wp-content\/uploads\/2024\/04\/no-gb1-768x360.jpg 768w, https:\/\/oncomatryx.com\/wp-content\/uploads\/2024\/04\/no-gb1-1536x720.jpg 1536w, https:\/\/oncomatryx.com\/wp-content\/uploads\/2024\/04\/no-gb1-2048x960.jpg 2048w\" sizes=\"(max-width: 300px) 100vw, 300px\" \/><\/div>\n\t\t<\/a>\n\t\t\t\t<div class=\"elementor-post__text\">\n\t\t\t\t<h3 class=\"elementor-post__title\">\n\t\t\t<a href=\"https:\/\/oncomatryx.com\/es\/eventos-2026\/\" >\n\t\t\t\tEventos 2026\t\t\t<\/a>\n\t\t<\/h3>\n\t\t\t\t<div class=\"elementor-post__meta-data\">\n\t\t\t\t\t<span class=\"elementor-post-date\">\n\t\t\tfebrero 27, 2026\t\t<\/span>\n\t\t\t\t<span class=\"elementor-post-avatar\">\n\t\t\tNo hay comentarios\t\t<\/span>\n\t\t\t\t<\/div>\n\t\t\t\t\t<div class=\"elementor-post__read-more-wrapper\">\n\t\t\n\t\t<a class=\"elementor-post__read-more\" href=\"https:\/\/oncomatryx.com\/es\/eventos-2026\/\" aria-label=\"M\u00e1s informaci\u00f3n sobre Eventos 2026\" tabindex=\"-1\" >\n\t\t\tLeer m\u00e1s \u00bb\t\t<\/a>\n\n\t\t\t\t\t<\/div>\n\t\t\t\t<\/div>\n\t\t\t\t<\/article>\n\t\t\t\t<\/div>\n\t\t\n\t\t\t\t\t\t<\/div>\n\t\t\t\t<\/div>\n\t\t\t\t<\/div>\n\t\t\t\t<div class=\"elementor-element elementor-element-66595ab titulo-secundario elementor-widget elementor-widget-heading\" data-id=\"66595ab\" data-element_type=\"widget\" data-e-type=\"widget\" id=\"publicaciones\" data-widget_type=\"heading.default\">\n\t\t\t\t<div class=\"elementor-widget-container\">\n\t\t\t\t\t<h2 class=\"elementor-heading-title elementor-size-default\">Publicaciones<\/h2>\t\t\t\t<\/div>\n\t\t\t\t<\/div>\n\t\t\t\t\t<\/div>\n\t\t\t\t<\/div>\n\t\t<div class=\"elementor-element elementor-element-b0891ea e-flex e-con-boxed e-con e-child\" data-id=\"b0891ea\" data-element_type=\"container\" data-e-type=\"container\">\n\t\t\t\t\t<div class=\"e-con-inner\">\n\t\t\t\t<div class=\"elementor-element elementor-element-68ea85a elementor-widget elementor-widget-text-editor\" data-id=\"68ea85a\" data-element_type=\"widget\" data-e-type=\"widget\" data-widget_type=\"text-editor.default\">\n\t\t\t\t<div class=\"elementor-widget-container\">\n\t\t\t\t\t\t\t\t\t<ul><li>Fabre M. et&nbsp;al.&nbsp;<em>OMTX705, &nbsp;a Novel FAP-Targeting ADC&nbsp; demonstrates Activity in&nbsp;Chemotherapy and&nbsp;PD1-Resistant&nbsp; Solid Tumors&nbsp;Models.&nbsp;<\/em>Clin Cancer&nbsp;Res.&nbsp;2020.26(13):3420-3430.&nbsp;<span style=\"font-weight: 700;\">DOI:&nbsp;<\/span><a href=\"https:\/\/doi.org\/10.1158\/1078-0432.ccr-19-2238\" data-saferedirecturl=\"https:\/\/www.google.com\/url?q=https:\/\/doi.org\/10.1158\/1078-0432.ccr-19-2238&amp;source=gmail&amp;ust=1738313624500000&amp;usg=AOvVaw3UqVH9Ls_01osbh1h_FWkS\"><span style=\"font-weight: 700;\">10.1158\/1078-0432.CCR-19-2238<\/span>&nbsp;&nbsp;&nbsp;&nbsp;&nbsp;<\/a><\/li><li>Pascual-Ant\u00f3n L. et al.&nbsp;<em>Targeting carcinoma-associated mesotelial cells with antibody-drug conjugates in ovarian carcinomatosis.&nbsp;<\/em>J. Pathol. 2023. 261(2):238-251.&nbsp;<span style=\"font-weight: 700;\">DOI:&nbsp;<\/span><a href=\"https:\/\/doi.org\/10.1002\/path.6170\" data-saferedirecturl=\"https:\/\/www.google.com\/url?q=https:\/\/doi.org\/10.1002\/path.6170&amp;source=gmail&amp;ust=1738313624500000&amp;usg=AOvVaw1FpeIl1FHL0eoUxlkuh8Eo\"><span style=\"font-weight: 700;\">10.1002\/path.6170<\/span><\/a><\/li><li>Puerto-Camacho P. et al.&nbsp;<em>Preclinical Efficacy of Endoglin-&nbsp; Targeting Antibody-Drug Conjugates for the Treatment of&nbsp; Ewing Sarcoma.&nbsp;<\/em>Clin Cancer Res. 2019. 25(7):2228-2240.&nbsp;<span style=\"font-weight: 700;\">DOI:&nbsp;<\/span><a href=\"https:\/\/doi.org\/10.1158\/1078-0432.ccr-18-0936\" data-saferedirecturl=\"https:\/\/www.google.com\/url?q=https:\/\/doi.org\/10.1158\/1078-0432.ccr-18-0936&amp;source=gmail&amp;ust=1738313624500000&amp;usg=AOvVaw0Epv6N4F5hmFf4CIOuy5Yd\"><span style=\"font-weight: 700;\">10.1158\/1078-0432.CCR-18-0936<\/span><\/a><\/li><\/ul>\t\t\t\t\t\t\t\t<\/div>\n\t\t\t\t<\/div>\n\t\t\t\t\t<\/div>\n\t\t\t\t<\/div>\n\t\t\t\t<\/div>\n\t\t\t\t<\/div>\n\t\t","protected":false},"excerpt":{"rendered":"<p>Noticias y publicaciones Noticias Eventos Publicaciones Noticias Eventos Publicaciones Fabre M. et&nbsp;al.&nbsp;OMTX705, &nbsp;a Novel FAP-Targeting ADC&nbsp; demonstrates Activity in&nbsp;Chemotherapy and&nbsp;PD1-Resistant&nbsp; Solid Tumors&nbsp;Models.&nbsp;Clin Cancer&nbsp;Res.&nbsp;2020.26(13):3420-3430.&nbsp;DOI:&nbsp;10.1158\/1078-0432.CCR-19-2238&nbsp;&nbsp;&nbsp;&nbsp;&nbsp; Pascual-Ant\u00f3n L.<\/p>\n","protected":false},"author":2,"featured_media":0,"parent":0,"menu_order":5,"comment_status":"closed","ping_status":"closed","template":"elementor_header_footer","meta":{"inline_featured_image":false,"footnotes":""},"class_list":["post-528","page","type-page","status-publish","hentry"],"_links":{"self":[{"href":"https:\/\/oncomatryx.com\/es\/wp-json\/wp\/v2\/pages\/528","targetHints":{"allow":["GET"]}}],"collection":[{"href":"https:\/\/oncomatryx.com\/es\/wp-json\/wp\/v2\/pages"}],"about":[{"href":"https:\/\/oncomatryx.com\/es\/wp-json\/wp\/v2\/types\/page"}],"author":[{"embeddable":true,"href":"https:\/\/oncomatryx.com\/es\/wp-json\/wp\/v2\/users\/2"}],"replies":[{"embeddable":true,"href":"https:\/\/oncomatryx.com\/es\/wp-json\/wp\/v2\/comments?post=528"}],"version-history":[{"count":115,"href":"https:\/\/oncomatryx.com\/es\/wp-json\/wp\/v2\/pages\/528\/revisions"}],"predecessor-version":[{"id":9771,"href":"https:\/\/oncomatryx.com\/es\/wp-json\/wp\/v2\/pages\/528\/revisions\/9771"}],"wp:attachment":[{"href":"https:\/\/oncomatryx.com\/es\/wp-json\/wp\/v2\/media?parent=528"}],"curies":[{"name":"wp","href":"https:\/\/api.w.org\/{rel}","templated":true}]}}