{"id":592,"date":"2024-03-31T02:52:21","date_gmt":"2024-03-31T02:52:21","guid":{"rendered":"https:\/\/oncomatryx.com\/?page_id=592"},"modified":"2025-02-28T14:26:18","modified_gmt":"2025-02-28T14:26:18","slug":"nuestra-innovacion","status":"publish","type":"page","link":"https:\/\/oncomatryx.com\/es\/nuestra-innovacion\/","title":{"rendered":"Enfoque innovador"},"content":{"rendered":"\t\t<div data-elementor-type=\"wp-page\" data-elementor-id=\"592\" class=\"elementor elementor-592\" data-elementor-post-type=\"page\">\n\t\t\t\t<div class=\"elementor-element elementor-element-cbffcd5 back e-flex e-con-boxed e-con e-parent\" data-id=\"cbffcd5\" data-element_type=\"container\" data-e-type=\"container\" data-settings=\"{&quot;background_background&quot;:&quot;classic&quot;,&quot;shape_divider_bottom&quot;:&quot;curve&quot;,&quot;shape_divider_bottom_negative&quot;:&quot;yes&quot;}\">\n\t\t\t\t\t<div class=\"e-con-inner\">\n\t\t\t\t<div class=\"elementor-shape elementor-shape-bottom\" aria-hidden=\"true\" data-negative=\"true\">\n\t\t\t<svg xmlns=\"http:\/\/www.w3.org\/2000\/svg\" viewBox=\"0 0 1000 100\" preserveAspectRatio=\"none\">\n\t<path class=\"elementor-shape-fill\" d=\"M500,97C126.7,96.3,0.8,19.8,0,0v100l1000,0V1C1000,19.4,873.3,97.8,500,97z\"\/>\n<\/svg>\t\t<\/div>\n\t\t<div class=\"elementor-element elementor-element-172ec69 e-con-full e-flex e-con e-child\" data-id=\"172ec69\" data-element_type=\"container\" data-e-type=\"container\">\n\t\t\t\t<div class=\"elementor-element elementor-element-1037dd5 elementor-widget elementor-widget-heading\" data-id=\"1037dd5\" data-element_type=\"widget\" data-e-type=\"widget\" data-widget_type=\"heading.default\">\n\t\t\t\t<div class=\"elementor-widget-container\">\n\t\t\t\t\t<h1 class=\"elementor-heading-title elementor-size-default\">Microambiente tumoral<\/h1>\t\t\t\t<\/div>\n\t\t\t\t<\/div>\n\t\t\t\t<div class=\"elementor-element elementor-element-3ba87fc elementor-widget-mobile__width-initial titulo-principal elementor-widget elementor-widget-heading\" data-id=\"3ba87fc\" data-element_type=\"widget\" data-e-type=\"widget\" data-widget_type=\"heading.default\">\n\t\t\t\t<div class=\"elementor-widget-container\">\n\t\t\t\t\t<h2 class=\"elementor-heading-title elementor-size-default\">El desaf\u00edo:<span class=\"letra-bold\"> la met\u00e1stasis<\/span><\/h2>\t\t\t\t<\/div>\n\t\t\t\t<\/div>\n\t\t\t\t<div class=\"elementor-element elementor-element-d6be6ff elementor-widget elementor-widget-text-editor\" data-id=\"d6be6ff\" data-element_type=\"widget\" data-e-type=\"widget\" data-widget_type=\"text-editor.default\">\n\t\t\t\t<div class=\"elementor-widget-container\">\n\t\t\t\t\t\t\t\t\t<p>Durante m\u00e1s de medio siglo, la ciencia ha logrado avances notables en el diagn\u00f3stico y tratamiento de las etapas iniciales del c\u00e1ncer. Sin embargo, los tumores s\u00f3lidos metast\u00e1sicos<strong> siguen siendo una necesidad m\u00e9dica no cubierta.<\/strong> Desde los f\u00e1rmacos cl\u00e1sicos de la quimioterapia hasta las modernas inmunoterapias, ning\u00fan enfoque ha logrado tratar eficazmente los tumores s\u00f3lidos como el c\u00e1ncer colorrectal o el c\u00e1ncer de p\u00e1ncreas en estado metast\u00e1sico.<\/p>\t\t\t\t\t\t\t\t<\/div>\n\t\t\t\t<\/div>\n\t\t\t\t<div class=\"elementor-element elementor-element-925e50f elementor-widget elementor-widget-button\" data-id=\"925e50f\" data-element_type=\"widget\" data-e-type=\"widget\" data-widget_type=\"button.default\">\n\t\t\t\t<div class=\"elementor-widget-container\">\n\t\t\t\t\t\t\t\t\t<div class=\"elementor-button-wrapper\">\n\t\t\t\t\t<a class=\"elementor-button elementor-button-link elementor-size-sm\" href=\"https:\/\/oncomatryx.com\/es\/contacto\/\">\n\t\t\t\t\t\t<span class=\"elementor-button-content-wrapper\">\n\t\t\t\t\t\t\t\t\t<span class=\"elementor-button-text\">Cont\u00e1ctanos<\/span>\n\t\t\t\t\t<\/span>\n\t\t\t\t\t<\/a>\n\t\t\t\t<\/div>\n\t\t\t\t\t\t\t\t<\/div>\n\t\t\t\t<\/div>\n\t\t\t\t<\/div>\n\t\t\t\t\t<\/div>\n\t\t\t\t<\/div>\n\t\t<div class=\"elementor-element elementor-element-7010350 e-flex e-con-boxed e-con e-parent\" data-id=\"7010350\" data-element_type=\"container\" data-e-type=\"container\">\n\t\t\t\t\t<div class=\"e-con-inner\">\n\t\t\t\t<div class=\"elementor-element elementor-element-357e459 elementor-widget elementor-widget-text-editor\" data-id=\"357e459\" data-element_type=\"widget\" data-e-type=\"widget\" data-widget_type=\"text-editor.default\">\n\t\t\t\t<div class=\"elementor-widget-container\">\n\t\t\t\t\t\t\t\t\t<p>Los pacientes con c\u00e1ncer colorrectal metast\u00e1sico con microsat\u00e9lites estables (CCR-MSS, por sus siglas en ingl\u00e9s) responden de manera deficiente a los f\u00e1rmacos inmunoterap\u00e9uticos (N. Engl. J. Med. 372, 2509-2520 (2015). Lancet Oncol. 18, 1182-1191 (2017). <strong>Ning\u00fan paciente con CCR-MSS con met\u00e1stasis hep\u00e1ticas o peritoneales se beneficia de la inmunoterapia,<\/strong> incluso en combinaci\u00f3n con inhibidores de tirosina quinasa(J. Clin. Oncol. 38, 2053-2061 (2020). JAMA Network Open 4, e2118416 (2021).<\/p><p>La inmunoterapia en el c\u00e1ncer de p\u00e1ncreas metast\u00e1sico, ya sea como agente \u00fanico o en combinaci\u00f3n con quimioterapia, <strong>ha mostrado beneficios muy limitados<\/strong>. Posibles explicaciones para esta resistencia inmunitaria incluyen factores del microambiente tumoral, como la presencia de fibroblastos asociados al c\u00e1ncer (CAFs, por sus siglas en ingl\u00e9s) (Renouf, D.J. et al. Nat. Commun. 13, 5020 (2022). O\u2019Reilly, E. M. et al. JAMA Oncol. 5, 1431\u20131438 (2019). Monteran, L. &amp; Erez, N. Front. Immunol. 10, 1835 (2019).<\/p>\t\t\t\t\t\t\t\t<\/div>\n\t\t\t\t<\/div>\n\t\t\t\t<div class=\"elementor-element elementor-element-fe9b71c elementor-align-center elementor-widget elementor-widget-button\" data-id=\"fe9b71c\" data-element_type=\"widget\" data-e-type=\"widget\" data-widget_type=\"button.default\">\n\t\t\t\t<div class=\"elementor-widget-container\">\n\t\t\t\t\t\t\t\t\t<div class=\"elementor-button-wrapper\">\n\t\t\t\t\t<a class=\"elementor-button elementor-button-link elementor-size-sm\" href=\"https:\/\/oncomatryx.com\/es\/contacto\/\">\n\t\t\t\t\t\t<span class=\"elementor-button-content-wrapper\">\n\t\t\t\t\t\t\t\t\t<span class=\"elementor-button-text\">Cont\u00e1ctanos<\/span>\n\t\t\t\t\t<\/span>\n\t\t\t\t\t<\/a>\n\t\t\t\t<\/div>\n\t\t\t\t\t\t\t\t<\/div>\n\t\t\t\t<\/div>\n\t\t\t\t\t<\/div>\n\t\t\t\t<\/div>\n\t\t<div class=\"elementor-element elementor-element-ffc9674 e-flex e-con-boxed e-con e-parent\" data-id=\"ffc9674\" data-element_type=\"container\" data-e-type=\"container\">\n\t\t\t\t\t<div class=\"e-con-inner\">\n\t\t<div class=\"elementor-element elementor-element-8fe3c87 e-con-full e-flex elementor-invisible e-con e-child\" data-id=\"8fe3c87\" data-element_type=\"container\" data-e-type=\"container\" data-settings=\"{&quot;animation&quot;:&quot;fadeInUp&quot;}\">\n\t\t<div class=\"elementor-element elementor-element-49be8ba e-con-full e-flex e-con e-child\" data-id=\"49be8ba\" data-element_type=\"container\" data-e-type=\"container\">\n\t\t<div class=\"elementor-element elementor-element-2fd3f59 e-con-full e-flex e-con e-child\" data-id=\"2fd3f59\" data-element_type=\"container\" data-e-type=\"container\">\n\t\t\t\t<div class=\"elementor-element elementor-element-99b80d9 elementor-widget elementor-widget-menu-anchor\" data-id=\"99b80d9\" data-element_type=\"widget\" data-e-type=\"widget\" data-widget_type=\"menu-anchor.default\">\n\t\t\t\t<div class=\"elementor-widget-container\">\n\t\t\t\t\t\t\t<div class=\"elementor-menu-anchor\" id=\"cafs\"><\/div>\n\t\t\t\t\t\t<\/div>\n\t\t\t\t<\/div>\n\t\t\t\t<div class=\"elementor-element elementor-element-88eec2d titulo-secundario elementor-widget elementor-widget-heading\" data-id=\"88eec2d\" data-element_type=\"widget\" data-e-type=\"widget\" data-widget_type=\"heading.default\">\n\t\t\t\t<div class=\"elementor-widget-container\">\n\t\t\t\t\t<h2 class=\"elementor-heading-title elementor-size-default\">CAFS<\/h2>\t\t\t\t<\/div>\n\t\t\t\t<\/div>\n\t\t\t\t<div class=\"elementor-element elementor-element-6f36fe2 elementor-widget elementor-widget-text-editor\" data-id=\"6f36fe2\" data-element_type=\"widget\" data-e-type=\"widget\" data-widget_type=\"text-editor.default\">\n\t\t\t\t<div class=\"elementor-widget-container\">\n\t\t\t\t\t\t\t\t\t<p><strong>Nuestro enfoque: Atacar los CAFs en el microambiente tumoral<\/strong><br \/>El microambiente tumoral es una red compleja y heterog\u00e9nea de matriz extracelular, citoquinas solubles, quimioquinas, proteasas, fibroblastos asociados al c\u00e1ncer, c\u00e9lulas endoteliales e inmunes. Los CAFs en el microambiente tumoral est\u00e1n en constante interacci\u00f3n con las c\u00e9lulas tumorales y desempe\u00f1an un papel clave en la invasi\u00f3n tumoral, el crecimiento, la met\u00e1stasis y la inmunosupresi\u00f3n.<\/p><p>\u00a0<\/p>\t\t\t\t\t\t\t\t<\/div>\n\t\t\t\t<\/div>\n\t\t\t\t<\/div>\n\t\t<div class=\"elementor-element elementor-element-a0b32cf e-con-full e-flex e-con e-child\" data-id=\"a0b32cf\" data-element_type=\"container\" data-e-type=\"container\">\n\t\t\t\t<div class=\"elementor-element elementor-element-ba0f50c elementor-widget elementor-widget-image\" data-id=\"ba0f50c\" data-element_type=\"widget\" data-e-type=\"widget\" data-widget_type=\"image.default\">\n\t\t\t\t<div class=\"elementor-widget-container\">\n\t\t\t\t\t\t\t\t\t\t\t\t\t\t\t<img fetchpriority=\"high\" decoding=\"async\" width=\"704\" height=\"704\" src=\"https:\/\/oncomatryx.com\/wp-content\/uploads\/2024\/03\/resolviendo-problema.jpg\" class=\"elementor-animation-grow attachment-full size-full wp-image-1467\" alt=\"\" srcset=\"https:\/\/oncomatryx.com\/wp-content\/uploads\/2024\/03\/resolviendo-problema.jpg 704w, https:\/\/oncomatryx.com\/wp-content\/uploads\/2024\/03\/resolviendo-problema-300x300.jpg 300w, https:\/\/oncomatryx.com\/wp-content\/uploads\/2024\/03\/resolviendo-problema-150x150.jpg 150w\" sizes=\"(max-width: 704px) 100vw, 704px\" \/>\t\t\t\t\t\t\t\t\t\t\t\t\t\t\t<\/div>\n\t\t\t\t<\/div>\n\t\t\t\t<\/div>\n\t\t\t\t<\/div>\n\t\t<div class=\"elementor-element elementor-element-54db9b2 e-flex e-con-boxed e-con e-child\" data-id=\"54db9b2\" data-element_type=\"container\" data-e-type=\"container\">\n\t\t\t\t\t<div class=\"e-con-inner\">\n\t\t<div class=\"elementor-element elementor-element-1509e61 e-con-full e-flex e-con e-child\" data-id=\"1509e61\" data-element_type=\"container\" data-e-type=\"container\">\n\t\t\t\t<div class=\"elementor-element elementor-element-d2d6dae elementor-widget elementor-widget-text-editor\" data-id=\"d2d6dae\" data-element_type=\"widget\" data-e-type=\"widget\" data-widget_type=\"text-editor.default\">\n\t\t\t\t<div class=\"elementor-widget-container\">\n\t\t\t\t\t\t\t\t\t<p><strong>Oncomatryx ha desarrollado Anticuerpos Conjugados a F\u00e1rmacos<\/strong> (ADCs, por sus siglas en ingl\u00e9s) que se dirigen a los CAFs en el microambiente tumoral, ya sea como monoterapias o en combinaci\u00f3n con quimioterapias e inmunoterapias existentes.<br \/>Los ADCs dirigidos contra CAFs de Oncomatryx <b>tienen un mecanismo de acci\u00f3n novedoso,<\/b> vehiculizando f\u00e1rmacos citot\u00f3xicos y promoviendo una respuesta inmune antitumoral.<br \/>Los ADCs de Oncomatryx dirigidos contra CAFs est\u00e1n mostrando un perfil de seguridad inigualable y una potente eficacia en modelos murinos y ensayos cl\u00ednicos.<\/p>\t\t\t\t\t\t\t\t<\/div>\n\t\t\t\t<\/div>\n\t\t\t\t<\/div>\n\t\t<div class=\"elementor-element elementor-element-99f85e3 e-con-full e-flex e-con e-child\" data-id=\"99f85e3\" data-element_type=\"container\" data-e-type=\"container\">\n\t\t\t\t<div class=\"elementor-element elementor-element-3aa2750 elementor-widget elementor-widget-image\" data-id=\"3aa2750\" data-element_type=\"widget\" data-e-type=\"widget\" data-widget_type=\"image.default\">\n\t\t\t\t<div class=\"elementor-widget-container\">\n\t\t\t\t\t\t\t\t\t\t\t\t\t\t\t\t<a href=\"https:\/\/oncomatryx.com\/wp-content\/uploads\/2024\/12\/Imagen-CAFs-Epiteliales.webp\" data-elementor-open-lightbox=\"yes\" data-elementor-lightbox-title=\"Imagen CAFs-Epiteliales\" data-e-action-hash=\"#elementor-action%3Aaction%3Dlightbox%26settings%3DeyJpZCI6ODg0MiwidXJsIjoiaHR0cHM6XC9cL29uY29tYXRyeXguY29tXC93cC1jb250ZW50XC91cGxvYWRzXC8yMDI0XC8xMlwvSW1hZ2VuLUNBRnMtRXBpdGVsaWFsZXMud2VicCJ9\">\n\t\t\t\t\t\t\t<img decoding=\"async\" width=\"836\" height=\"312\" src=\"https:\/\/oncomatryx.com\/wp-content\/uploads\/2024\/12\/Imagen-CAFs-Epiteliales.webp\" class=\"elementor-animation-grow attachment-full size-full wp-image-8842\" alt=\"\" srcset=\"https:\/\/oncomatryx.com\/wp-content\/uploads\/2024\/12\/Imagen-CAFs-Epiteliales.webp 836w, https:\/\/oncomatryx.com\/wp-content\/uploads\/2024\/12\/Imagen-CAFs-Epiteliales-300x112.webp 300w, https:\/\/oncomatryx.com\/wp-content\/uploads\/2024\/12\/Imagen-CAFs-Epiteliales-768x287.webp 768w\" sizes=\"(max-width: 836px) 100vw, 836px\" \/>\t\t\t\t\t\t\t\t<\/a>\n\t\t\t\t\t\t\t\t\t\t\t\t\t\t\t<\/div>\n\t\t\t\t<\/div>\n\t\t\t\t<\/div>\n\t\t\t\t\t<\/div>\n\t\t\t\t<\/div>\n\t\t\t\t<\/div>\n\t\t\t\t\t<\/div>\n\t\t\t\t<\/div>\n\t\t<div class=\"elementor-element elementor-element-11e9380 e-flex e-con-boxed e-con e-parent\" data-id=\"11e9380\" data-element_type=\"container\" data-e-type=\"container\">\n\t\t\t\t\t<div class=\"e-con-inner\">\n\t\t<div class=\"elementor-element elementor-element-87f2417 e-con-full e-flex elementor-invisible e-con e-child\" data-id=\"87f2417\" data-element_type=\"container\" data-e-type=\"container\" data-settings=\"{&quot;animation&quot;:&quot;fadeInUp&quot;}\">\n\t\t<div class=\"elementor-element elementor-element-9ba2ce1 e-flex e-con-boxed e-con e-child\" data-id=\"9ba2ce1\" data-element_type=\"container\" data-e-type=\"container\">\n\t\t\t\t\t<div class=\"e-con-inner\">\n\t\t<div class=\"elementor-element elementor-element-12a73a1 e-con-full e-flex e-con e-child\" data-id=\"12a73a1\" data-element_type=\"container\" data-e-type=\"container\">\n\t\t\t\t<div class=\"elementor-element elementor-element-64ff677 elementor-widget elementor-widget-menu-anchor\" data-id=\"64ff677\" data-element_type=\"widget\" data-e-type=\"widget\" data-widget_type=\"menu-anchor.default\">\n\t\t\t\t<div class=\"elementor-widget-container\">\n\t\t\t\t\t\t\t<div class=\"elementor-menu-anchor\" id=\"cuantica\"><\/div>\n\t\t\t\t\t\t<\/div>\n\t\t\t\t<\/div>\n\t\t\t\t<div class=\"elementor-element elementor-element-a08a519 titulo-secundario elementor-widget elementor-widget-heading\" data-id=\"a08a519\" data-element_type=\"widget\" data-e-type=\"widget\" data-widget_type=\"heading.default\">\n\t\t\t\t<div class=\"elementor-widget-container\">\n\t\t\t\t\t<h2 class=\"elementor-heading-title elementor-size-default\">INMUNOTERAPIA CU\u00c1NTICA<\/h2>\t\t\t\t<\/div>\n\t\t\t\t<\/div>\n\t\t\t\t<div class=\"elementor-element elementor-element-452a88e elementor-widget elementor-widget-text-editor\" data-id=\"452a88e\" data-element_type=\"widget\" data-e-type=\"widget\" data-widget_type=\"text-editor.default\">\n\t\t\t\t<div class=\"elementor-widget-container\">\n\t\t\t\t\t\t\t\t\t<p><strong>Pioneros en Inmunoterapia Cu\u00e1ntica<\/strong><\/p><p>Los tumores inmunol\u00f3gicamente <i>fr\u00edos <\/i>se caracterizan por su resistencia a la inmunoterapia. Los fibroblastos asociados al c\u00e1ncer (CAFs) juegan un papel clave, al secretar interleuquinas inmunosupresoras en el microambiente tumoral y bloquear la infiltraci\u00f3n de c\u00e9lulas inmunitarias citot\u00f3xicas.<\/p><p>OMTX705, el primer ADC de Oncomatryx en ensayos cl\u00ednicos, <b>redefine este panorama<\/b> al dirigirse contra los CAFs, para interferir en su influencia inmunosupresora. Este enfoque innovador transforma tumores inmunol\u00f3gicamente <i>fr\u00edos <\/i>en tumores <i>calientes<\/i>, permitiendo que las c\u00e9lulas inmunitarias se infiltren y ataquen el tumor.<\/p><p>Al bloquear la secreci\u00f3n mediada por los CAFs de interleuquinas inmunosupresoras y al vehiculizar una carga citot\u00f3xica que mata las c\u00e9lulas tumorales circundantes y genera neoant\u00edgenos tumorales, OMTX705 <b>estimula una respuesta inmune robusta<\/b>, cerrando el ciclo para mantener un estado de tumor <i>caliente<\/i>.<\/p><p>Esta terapia revolucionaria cierra la brecha entre la resistencia inmune y la activaci\u00f3n inmune, ofreciendo un nuevo horizonte en el tratamiento del c\u00e1ncer.<\/p>\t\t\t\t\t\t\t\t<\/div>\n\t\t\t\t<\/div>\n\t\t\t\t<\/div>\n\t\t<div class=\"elementor-element elementor-element-71d6fd7 e-con-full e-flex e-con e-child\" data-id=\"71d6fd7\" data-element_type=\"container\" data-e-type=\"container\">\n\t\t\t\t<div class=\"elementor-element elementor-element-90ad7de elementor-widget elementor-widget-image\" data-id=\"90ad7de\" data-element_type=\"widget\" data-e-type=\"widget\" data-widget_type=\"image.default\">\n\t\t\t\t<div class=\"elementor-widget-container\">\n\t\t\t\t\t\t\t\t\t\t\t\t\t\t\t\t<a href=\"https:\/\/oncomatryx.com\/wp-content\/uploads\/2024\/12\/CAF-mediated-immunosuppression-CAFs-shape-the-immune-microenvironment-in-tumors-toward.webp\" data-elementor-open-lightbox=\"yes\" data-elementor-lightbox-title=\"CAF-mediated-immunosuppression-CAFs-shape-the-immune-microenvironment-in-tumors-toward\" data-e-action-hash=\"#elementor-action%3Aaction%3Dlightbox%26settings%3DeyJpZCI6ODg0MCwidXJsIjoiaHR0cHM6XC9cL29uY29tYXRyeXguY29tXC93cC1jb250ZW50XC91cGxvYWRzXC8yMDI0XC8xMlwvQ0FGLW1lZGlhdGVkLWltbXVub3N1cHByZXNzaW9uLUNBRnMtc2hhcGUtdGhlLWltbXVuZS1taWNyb2Vudmlyb25tZW50LWluLXR1bW9ycy10b3dhcmQud2VicCJ9\">\n\t\t\t\t\t\t\t<img decoding=\"async\" width=\"850\" height=\"730\" src=\"https:\/\/oncomatryx.com\/wp-content\/uploads\/2024\/12\/CAF-mediated-immunosuppression-CAFs-shape-the-immune-microenvironment-in-tumors-toward.webp\" class=\"elementor-animation-grow attachment-full size-full wp-image-8840\" alt=\"\" srcset=\"https:\/\/oncomatryx.com\/wp-content\/uploads\/2024\/12\/CAF-mediated-immunosuppression-CAFs-shape-the-immune-microenvironment-in-tumors-toward.webp 850w, https:\/\/oncomatryx.com\/wp-content\/uploads\/2024\/12\/CAF-mediated-immunosuppression-CAFs-shape-the-immune-microenvironment-in-tumors-toward-300x258.webp 300w, https:\/\/oncomatryx.com\/wp-content\/uploads\/2024\/12\/CAF-mediated-immunosuppression-CAFs-shape-the-immune-microenvironment-in-tumors-toward-768x660.webp 768w\" sizes=\"(max-width: 850px) 100vw, 850px\" \/>\t\t\t\t\t\t\t\t<\/a>\n\t\t\t\t\t\t\t\t\t\t\t\t\t\t\t<\/div>\n\t\t\t\t<\/div>\n\t\t\t\t<div class=\"elementor-element elementor-element-19fadd2 elementor-widget elementor-widget-image\" data-id=\"19fadd2\" data-element_type=\"widget\" data-e-type=\"widget\" data-widget_type=\"image.default\">\n\t\t\t\t<div class=\"elementor-widget-container\">\n\t\t\t\t\t\t\t\t\t\t\t\t\t\t\t\t<a href=\"https:\/\/oncomatryx.com\/wp-content\/uploads\/2025\/01\/inmune-hot-cold.webp\" data-elementor-open-lightbox=\"yes\" data-elementor-lightbox-title=\"inmune hot cold\" data-e-action-hash=\"#elementor-action%3Aaction%3Dlightbox%26settings%3DeyJpZCI6ODk2NSwidXJsIjoiaHR0cHM6XC9cL29uY29tYXRyeXguY29tXC93cC1jb250ZW50XC91cGxvYWRzXC8yMDI1XC8wMVwvaW5tdW5lLWhvdC1jb2xkLndlYnAifQ%3D%3D\">\n\t\t\t\t\t\t\t<img loading=\"lazy\" decoding=\"async\" width=\"900\" height=\"468\" src=\"https:\/\/oncomatryx.com\/wp-content\/uploads\/2025\/01\/inmune-hot-cold-1024x533.webp\" class=\"attachment-large size-large wp-image-8965\" alt=\"inmune hot cold process\" srcset=\"https:\/\/oncomatryx.com\/wp-content\/uploads\/2025\/01\/inmune-hot-cold-1024x533.webp 1024w, https:\/\/oncomatryx.com\/wp-content\/uploads\/2025\/01\/inmune-hot-cold-300x156.webp 300w, https:\/\/oncomatryx.com\/wp-content\/uploads\/2025\/01\/inmune-hot-cold-768x400.webp 768w, https:\/\/oncomatryx.com\/wp-content\/uploads\/2025\/01\/inmune-hot-cold-1536x800.webp 1536w, https:\/\/oncomatryx.com\/wp-content\/uploads\/2025\/01\/inmune-hot-cold.webp 1890w\" sizes=\"(max-width: 900px) 100vw, 900px\" \/>\t\t\t\t\t\t\t\t<\/a>\n\t\t\t\t\t\t\t\t\t\t\t\t\t\t\t<\/div>\n\t\t\t\t<\/div>\n\t\t\t\t<\/div>\n\t\t\t\t\t<\/div>\n\t\t\t\t<\/div>\n\t\t\t\t<\/div>\n\t\t\t\t\t<\/div>\n\t\t\t\t<\/div>\n\t\t\t\t<\/div>\n\t\t","protected":false},"excerpt":{"rendered":"<p>Microambiente tumoral El desaf\u00edo: la met\u00e1stasis Durante m\u00e1s de medio siglo, la ciencia ha logrado avances notables en el diagn\u00f3stico y tratamiento de las etapas iniciales del c\u00e1ncer. Sin embargo, los tumores s\u00f3lidos metast\u00e1sicos siguen siendo una necesidad m\u00e9dica no cubierta. Desde los f\u00e1rmacos cl\u00e1sicos de la quimioterapia hasta las modernas inmunoterapias, ning\u00fan enfoque ha &#8230; <a title=\"Enfoque innovador\" class=\"read-more\" href=\"https:\/\/oncomatryx.com\/es\/nuestra-innovacion\/\" aria-label=\"Leer m\u00e1s sobre Enfoque innovador\">Leer m\u00e1s<\/a><\/p>\n","protected":false},"author":1,"featured_media":0,"parent":0,"menu_order":2,"comment_status":"closed","ping_status":"closed","template":"elementor_header_footer","meta":{"inline_featured_image":false,"footnotes":""},"class_list":["post-592","page","type-page","status-publish"],"_links":{"self":[{"href":"https:\/\/oncomatryx.com\/es\/wp-json\/wp\/v2\/pages\/592","targetHints":{"allow":["GET"]}}],"collection":[{"href":"https:\/\/oncomatryx.com\/es\/wp-json\/wp\/v2\/pages"}],"about":[{"href":"https:\/\/oncomatryx.com\/es\/wp-json\/wp\/v2\/types\/page"}],"author":[{"embeddable":true,"href":"https:\/\/oncomatryx.com\/es\/wp-json\/wp\/v2\/users\/1"}],"replies":[{"embeddable":true,"href":"https:\/\/oncomatryx.com\/es\/wp-json\/wp\/v2\/comments?post=592"}],"version-history":[{"count":125,"href":"https:\/\/oncomatryx.com\/es\/wp-json\/wp\/v2\/pages\/592\/revisions"}],"predecessor-version":[{"id":9567,"href":"https:\/\/oncomatryx.com\/es\/wp-json\/wp\/v2\/pages\/592\/revisions\/9567"}],"wp:attachment":[{"href":"https:\/\/oncomatryx.com\/es\/wp-json\/wp\/v2\/media?parent=592"}],"curies":[{"name":"wp","href":"https:\/\/api.w.org\/{rel}","templated":true}]}}