{"id":9485,"date":"2025-02-27T08:52:21","date_gmt":"2025-02-27T08:52:21","guid":{"rendered":"https:\/\/oncomatryx.com\/?page_id=9485"},"modified":"2025-10-03T07:47:17","modified_gmt":"2025-10-03T07:47:17","slug":"terminos-de-uso","status":"publish","type":"page","link":"https:\/\/oncomatryx.com\/es\/terminos-de-uso\/","title":{"rendered":"T\u00e9rminos de Uso"},"content":{"rendered":"\t\t<div data-elementor-type=\"wp-page\" data-elementor-id=\"9485\" class=\"elementor elementor-9485\" data-elementor-post-type=\"page\">\n\t\t\t\t<div class=\"elementor-element elementor-element-f1ec89a e-flex e-con-boxed e-con e-parent\" data-id=\"f1ec89a\" data-element_type=\"container\" data-e-type=\"container\">\n\t\t\t\t\t<div class=\"e-con-inner\">\n\t\t\t\t<div class=\"elementor-element elementor-element-d05b50c elementor-widget elementor-widget-spacer\" data-id=\"d05b50c\" data-element_type=\"widget\" data-e-type=\"widget\" data-widget_type=\"spacer.default\">\n\t\t\t\t<div class=\"elementor-widget-container\">\n\t\t\t\t\t\t\t<div class=\"elementor-spacer\">\n\t\t\t<div class=\"elementor-spacer-inner\"><\/div>\n\t\t<\/div>\n\t\t\t\t\t\t<\/div>\n\t\t\t\t<\/div>\n\t\t\t\t<div class=\"elementor-element elementor-element-f0c8fbf elementor-widget elementor-widget-heading\" data-id=\"f0c8fbf\" data-element_type=\"widget\" data-e-type=\"widget\" data-widget_type=\"heading.default\">\n\t\t\t\t<div class=\"elementor-widget-container\">\n\t\t\t\t\t<h1 class=\"elementor-heading-title elementor-size-default\">T\u00e9rminos de uso<\/h1>\t\t\t\t<\/div>\n\t\t\t\t<\/div>\n\t\t\t\t<div class=\"elementor-element elementor-element-1bcb5ec elementor-widget elementor-widget-text-editor\" data-id=\"1bcb5ec\" data-element_type=\"widget\" data-e-type=\"widget\" data-widget_type=\"text-editor.default\">\n\t\t\t\t<div class=\"elementor-widget-container\">\n\t\t\t\t\t\t\t\t\t<h2>Condiciones generales de uso<\/h2><p>El uso de este sitio web est\u00e1 condicionado a la aceptaci\u00f3n de los t\u00e9rminos y condiciones detallados a continuaci\u00f3n. Al utilizar este sitio, usted reconoce que acepta estos t\u00e9rminos y condiciones. Estos pueden modificarse peri\u00f3dicamente, por lo que le recomendamos revisarlos regularmente. El uso continuado del sitio despu\u00e9s de cualquier cambio implica la aceptaci\u00f3n de los nuevos t\u00e9rminos.<\/p><h3>Restricciones en el uso de materiales<\/h3><p>Este sitio es propiedad de <strong>ONCOMATRYX BIOPHARMA S.A.<\/strong> No se permite copiar, reproducir, republicar, cargar, publicar, transmitir o distribuir ning\u00fan material de este sitio o cualquier otro sitio de ONCOMATRYX sin autorizaci\u00f3n. Se permite descargar una copia para uso personal y no comercial, siempre que se respeten los derechos de autor y avisos de propiedad. Cualquier modificaci\u00f3n o uso con otros prop\u00f3sitos constituye una violaci\u00f3n de los derechos de propiedad intelectual de ONCOMATRYX.<\/p><h3>Informaci\u00f3n y materiales de terceros<\/h3><p>Este sitio puede contener informaci\u00f3n y materiales proporcionados por terceros (\u00abContenido de Terceros\u00bb). <strong>ONCOMATRYX BIOPHARMA S.A.<\/strong> no verifica de forma independiente dicho contenido, no garantiza su exactitud y no se responsabiliza por su uso ni por las consecuencias derivadas de \u00e9l.<\/p><h3>Ausencia de garant\u00edas<\/h3><p>Los materiales en este sitio se proporcionan \u00abtal cual\u00bb sin garant\u00edas de ning\u00fan tipo, expl\u00edcitas o impl\u00edcitas. <strong>ONCOMATRYX BIOPHARMA S.A.<\/strong> no garantiza que las funciones del sitio sean ininterrumpidas o libres de errores, ni que el servidor est\u00e9 libre de virus u otros elementos da\u00f1inos.<\/p><h3>Derechos restringidos<\/h3><p>El uso, duplicaci\u00f3n o divulgaci\u00f3n de cualquier material por parte del Gobierno de los Estados Unidos est\u00e1 sujeto a restricciones legales.<\/p><h3>Marcas registradas<\/h3><p>\u00abONCOMATRYX\u00bb, \u00abDMTX INVASCAN\u00bb, \u00abDMTX BREASTSCAN\u00bb, \u00abDMTX BLADDERSCAN\u00bb son marcas registradas de <strong>ONCOMATRYX BIOPHARMA S.A.<\/strong> Otros nombres de productos mencionados en este sitio son marcas comerciales de sus respectivos propietarios.<\/p><h3>Limitaci\u00f3n de responsabilidad<\/h3><p><strong>ONCOMATRYX BIOPHARMA S.A.<\/strong> no ser\u00e1 responsable de ning\u00fan da\u00f1o especial, indirecto o consecuente que resulte del uso o incapacidad de uso de este sitio, incluso si se ha advertido de la posibilidad de tales da\u00f1os. En ning\u00fan caso, la responsabilidad total de <strong>ONCOMATRYX BIOPHARMA S.A.<\/strong> exceder\u00e1 el monto pagado por el acceso a este sitio, si lo hubiera.<\/p><h3>Terminaci\u00f3n<\/h3><p>Estos t\u00e9rminos permanecer\u00e1n vigentes hasta que sean terminados por cualquiera de las partes. Usted puede dar por terminados estos t\u00e9rminos en cualquier momento eliminando todo material obtenido de este sitio. <strong>ONCOMATRYX BIOPHARMA S.A.<\/strong> puede rescindir estos t\u00e9rminos sin previo aviso si considera que ha habido una infracci\u00f3n.<\/p><h3>Jurisdicci\u00f3n y legislaci\u00f3n aplicable<\/h3><p>Este sitio es controlado y operado desde Espa\u00f1a y la Uni\u00f3n Europea. Quienes accedan desde otras ubicaciones lo hacen bajo su propia responsabilidad y deben cumplir con las leyes locales.<\/p><p>Estos t\u00e9rminos se regir\u00e1n por las leyes de Espa\u00f1a y la Uni\u00f3n Europea. Cualquier disputa ser\u00e1 resuelta en los tribunales de Bilbao, Espa\u00f1a. Si alguna disposici\u00f3n es ilegal o inaplicable, se considerar\u00e1 separable y no afectar\u00e1 la validez del resto del acuerdo.<\/p>\t\t\t\t\t\t\t\t<\/div>\n\t\t\t\t<\/div>\n\t\t\t\t\t<\/div>\n\t\t\t\t<\/div>\n\t\t\t\t<\/div>\n\t\t","protected":false},"excerpt":{"rendered":"<p>T\u00e9rminos de uso Condiciones generales de uso El uso de este sitio web est\u00e1 condicionado a la aceptaci\u00f3n de los t\u00e9rminos y condiciones detallados a continuaci\u00f3n. Al utilizar este sitio, usted reconoce que acepta estos t\u00e9rminos y condiciones. Estos pueden modificarse peri\u00f3dicamente, por lo que le recomendamos revisarlos regularmente. El uso continuado del sitio despu\u00e9s &#8230; <a title=\"T\u00e9rminos de Uso\" class=\"read-more\" href=\"https:\/\/oncomatryx.com\/es\/terminos-de-uso\/\" aria-label=\"Leer m\u00e1s sobre T\u00e9rminos de Uso\">Leer m\u00e1s<\/a><\/p>\n","protected":false},"author":2,"featured_media":0,"parent":0,"menu_order":0,"comment_status":"closed","ping_status":"closed","template":"elementor_header_footer","meta":{"inline_featured_image":false,"footnotes":""},"class_list":["post-9485","page","type-page","status-publish"],"_links":{"self":[{"href":"https:\/\/oncomatryx.com\/es\/wp-json\/wp\/v2\/pages\/9485","targetHints":{"allow":["GET"]}}],"collection":[{"href":"https:\/\/oncomatryx.com\/es\/wp-json\/wp\/v2\/pages"}],"about":[{"href":"https:\/\/oncomatryx.com\/es\/wp-json\/wp\/v2\/types\/page"}],"author":[{"embeddable":true,"href":"https:\/\/oncomatryx.com\/es\/wp-json\/wp\/v2\/users\/2"}],"replies":[{"embeddable":true,"href":"https:\/\/oncomatryx.com\/es\/wp-json\/wp\/v2\/comments?post=9485"}],"version-history":[{"count":7,"href":"https:\/\/oncomatryx.com\/es\/wp-json\/wp\/v2\/pages\/9485\/revisions"}],"predecessor-version":[{"id":9614,"href":"https:\/\/oncomatryx.com\/es\/wp-json\/wp\/v2\/pages\/9485\/revisions\/9614"}],"wp:attachment":[{"href":"https:\/\/oncomatryx.com\/es\/wp-json\/wp\/v2\/media?parent=9485"}],"curies":[{"name":"wp","href":"https:\/\/api.w.org\/{rel}","templated":true}]}}