{"id":9492,"date":"2025-01-24T13:11:55","date_gmt":"2025-01-24T13:11:55","guid":{"rendered":"https:\/\/oncomatryx.com\/privacy-policy\/"},"modified":"2025-10-03T07:43:38","modified_gmt":"2025-10-03T07:43:38","slug":"politica-de-privacidad","status":"publish","type":"page","link":"https:\/\/oncomatryx.com\/es\/politica-de-privacidad\/","title":{"rendered":"Pol\u00edtica de Privacidad"},"content":{"rendered":"\t\t<div data-elementor-type=\"wp-page\" data-elementor-id=\"9492\" class=\"elementor elementor-9492 elementor-9077\" data-elementor-post-type=\"page\">\n\t\t\t\t<div class=\"elementor-element elementor-element-9eee6f7 e-flex e-con-boxed e-con e-parent\" data-id=\"9eee6f7\" data-element_type=\"container\" data-e-type=\"container\">\n\t\t\t\t\t<div class=\"e-con-inner\">\n\t\t\t\t<div class=\"elementor-element elementor-element-758db1a elementor-widget elementor-widget-spacer\" data-id=\"758db1a\" data-element_type=\"widget\" data-e-type=\"widget\" data-widget_type=\"spacer.default\">\n\t\t\t\t<div class=\"elementor-widget-container\">\n\t\t\t\t\t\t\t<div class=\"elementor-spacer\">\n\t\t\t<div class=\"elementor-spacer-inner\"><\/div>\n\t\t<\/div>\n\t\t\t\t\t\t<\/div>\n\t\t\t\t<\/div>\n\t\t\t\t<div class=\"elementor-element elementor-element-025dcbd elementor-widget elementor-widget-heading\" data-id=\"025dcbd\" data-element_type=\"widget\" data-e-type=\"widget\" data-widget_type=\"heading.default\">\n\t\t\t\t<div class=\"elementor-widget-container\">\n\t\t\t\t\t<h1 class=\"elementor-heading-title elementor-size-default\">Pol\u00edtica de Privacidad<\/h1>\t\t\t\t<\/div>\n\t\t\t\t<\/div>\n\t\t\t\t<div class=\"elementor-element elementor-element-7dae5c1 elementor-widget elementor-widget-text-editor\" data-id=\"7dae5c1\" data-element_type=\"widget\" data-e-type=\"widget\" data-widget_type=\"text-editor.default\">\n\t\t\t\t<div class=\"elementor-widget-container\">\n\t\t\t\t\t\t\t\t\t<h2>Compromiso con la Privacidad<\/h2><p>ONCOMATRYX BIOPHARMA S.A. est\u00e1 comprometida con el respeto a la privacidad de los visitantes de su sitio web. Esta declaraci\u00f3n de privacidad explica nuestras pr\u00e1cticas de informaci\u00f3n en l\u00ednea.<\/p><h3>Recopilaci\u00f3n y Uso de Informaci\u00f3n Personal<\/h3><p>En este sitio web, podemos recopilar informaci\u00f3n personal proporcionada por usted en relaci\u00f3n con consultas sobre ONCOMATRYX, como datos de contacto. Esta informaci\u00f3n ser\u00e1 utilizada para responder a su consulta y mantener un registro con fines internos. <strong>No divulgaremos esta informaci\u00f3n a terceros<\/strong> a menos que usted lo autorice espec\u00edficamente. Tambi\u00e9n recopilamos informaci\u00f3n relacionada con solicitudes de empleo.<\/p><p>Al proporcionarnos su informaci\u00f3n, usted consiente su uso para los fines indicados.<\/p><h3>Comunicaciones y Material No Personal<\/h3><p>Cualquier comunicaci\u00f3n, comentario, idea o material que nos env\u00ede de manera voluntaria ser\u00e1 tratado como <strong>no confidencial y no propietario<\/strong>. Al transmitir o publicar cualquier comunicaci\u00f3n o material en este sitio web, nos otorga una licencia irrevocable y sin restricciones para <strong>usar, reproducir, mostrar, modificar, transmitir, distribuir, publicar, difundir o publicar dicha comunicaci\u00f3n con cualquier prop\u00f3sito<\/strong>.<\/p><p>Sin embargo, ONCOMATRYX no divulgar\u00e1 su nombre ni har\u00e1 p\u00fablico el hecho de que usted haya enviado materiales o informaci\u00f3n, salvo en los siguientes casos:<\/p><ul><li>Usted nos otorga permiso para hacerlo.<\/li><li>Le notificamos previamente que la informaci\u00f3n ser\u00e1 publicada con su nombre.<\/li><li>La ley nos obliga a hacerlo.<\/li><\/ul><h3>Enlaces a Otros Sitios Web<\/h3><p>Nuestro sitio web puede contener enlaces a otros sitios que pueden ofrecer informaci\u00f3n \u00fatil. Las pol\u00edticas de privacidad aqu\u00ed descritas no necesariamente se aplican a esos sitios, y no asumimos responsabilidad por su contenido.<\/p><h2><strong>Protecci\u00f3n de Datos<\/strong><\/h2><h3>Confidencialidad de la Informaci\u00f3n Recibida<\/h3><p>La informaci\u00f3n que ONCOMATRYX recibe de los usuarios de este sitio web, ya sea a trav\u00e9s de consultas en l\u00ednea o formularios de curr\u00edculum vitae, es tratada como <strong>altamente confidencial<\/strong>. La informaci\u00f3n obtenida mediante consultas en l\u00ednea se usa exclusivamente para responder a las preguntas planteadas. Los curr\u00edculums recibidos se utilizan \u00fanicamente para la selecci\u00f3n de candidatos y no para otros fines.<\/p><h3>Recopilaci\u00f3n de Datos Personales<\/h3><p>Algunos servicios de este sitio web requieren la recopilaci\u00f3n de datos personales, especialmente los formularios de curr\u00edculum. Para que estos servicios funcionen correctamente, el usuario debe proporcionar ciertos datos esenciales, que ser\u00e1n identificados como necesarios durante el proceso. <strong>Si el usuario no proporciona estos datos, el servicio correspondiente no podr\u00e1 prestarse.<\/strong><\/p><h3>Derechos del Usuario<\/h3><p>Los usuarios tienen derecho a <strong>acceder, rectificar, cancelar o impugnar sus datos<\/strong>, as\u00ed como revocar su consentimiento para la transferencia de estos. Para ejercer estos derechos, el usuario o su representante legal deben enviar una solicitud escrita y firmada a: <strong>ONCOMATRYX BIOPHARMA S.A.<\/strong><br \/>Edificio 801, Parque Tecnol\u00f3gico de Bizkaia, 48160 Derio, Bizkaia, Espa\u00f1a.<\/p><p>La solicitud debe incluir:<\/p><ul><li>Nombre y apellidos del usuario.<\/li><li>Direcci\u00f3n para correspondencia.<\/li><li>Fotocopia del Documento Nacional de Identidad o pasaporte.<\/li><li>Detalles espec\u00edficos sobre el derecho ejercido.<\/li><\/ul><h3>Seguridad y Conservaci\u00f3n de Datos<\/h3><p>ONCOMATRYX se compromete a <strong>mantener la seguridad y confidencialidad<\/strong> de los datos personales recopilados, adoptando las medidas necesarias para evitar su alteraci\u00f3n, p\u00e9rdida, tratamiento o acceso no autorizado, conforme a la legislaci\u00f3n vigente.<\/p><h2><strong>Uso de Cookies<\/strong><\/h2><p>Nuestro sitio web puede utilizar ocasionalmente tecnolog\u00eda de <strong>cookies<\/strong>. Una cookie es un identificador que el servidor entrega a su navegador cuando accede a un sitio web. Las cookies pueden almacenar diversos datos y <strong>mejoran la funcionalidad del sitio<\/strong>, as\u00ed como nos ayudan a analizar el uso del mismo.<\/p><p>En todos los casos en los que se utilicen cookies, no recopilaremos informaci\u00f3n personal identificable sin su permiso expl\u00edcito.<\/p><h2><strong>Modificaciones de la Pol\u00edtica de Privacidad<\/strong><\/h2><p>Al utilizar este sitio web, usted acepta los t\u00e9rminos de esta <strong>Pol\u00edtica de Privacidad<\/strong> vigentes en el momento de su visita. Si en el futuro realizamos cambios o actualizaciones, estos se publicar\u00e1n en esta p\u00e1gina para que siempre sepa qu\u00e9 informaci\u00f3n personal recopilamos y c\u00f3mo la utilizamos. <strong>El acceso continuado al sitio web despu\u00e9s de la publicaci\u00f3n de cambios implica su aceptaci\u00f3n de la versi\u00f3n actualizada de esta Pol\u00edtica.<\/strong><\/p><p>ONCOMATRYX se reserva el derecho de modificar esta Pol\u00edtica de Privacidad en cualquier momento.<\/p><p>Si tiene alguna pregunta sobre esta Pol\u00edtica de Privacidad, puede contactar con nosotros en:<br \/>\u2709 <a href=\"mailto:info@oncomatryx.com\">info@oncomatryx.com<\/a><\/p>\t\t\t\t\t\t\t\t<\/div>\n\t\t\t\t<\/div>\n\t\t\t\t\t<\/div>\n\t\t\t\t<\/div>\n\t\t\t\t<\/div>\n\t\t","protected":false},"excerpt":{"rendered":"<p>Pol\u00edtica de Privacidad Compromiso con la Privacidad ONCOMATRYX BIOPHARMA S.A. est\u00e1 comprometida con el respeto a la privacidad de los visitantes de su sitio web. Esta declaraci\u00f3n de privacidad explica nuestras pr\u00e1cticas de informaci\u00f3n en l\u00ednea. Recopilaci\u00f3n y Uso de Informaci\u00f3n Personal En este sitio web, podemos recopilar informaci\u00f3n personal proporcionada por usted en relaci\u00f3n &#8230; <a title=\"Pol\u00edtica de Privacidad\" class=\"read-more\" href=\"https:\/\/oncomatryx.com\/es\/politica-de-privacidad\/\" aria-label=\"Leer m\u00e1s sobre Pol\u00edtica de Privacidad\">Leer m\u00e1s<\/a><\/p>\n","protected":false},"author":2,"featured_media":0,"parent":0,"menu_order":0,"comment_status":"closed","ping_status":"closed","template":"elementor_header_footer","meta":{"inline_featured_image":false,"footnotes":""},"class_list":["post-9492","page","type-page","status-publish"],"_links":{"self":[{"href":"https:\/\/oncomatryx.com\/es\/wp-json\/wp\/v2\/pages\/9492","targetHints":{"allow":["GET"]}}],"collection":[{"href":"https:\/\/oncomatryx.com\/es\/wp-json\/wp\/v2\/pages"}],"about":[{"href":"https:\/\/oncomatryx.com\/es\/wp-json\/wp\/v2\/types\/page"}],"author":[{"embeddable":true,"href":"https:\/\/oncomatryx.com\/es\/wp-json\/wp\/v2\/users\/2"}],"replies":[{"embeddable":true,"href":"https:\/\/oncomatryx.com\/es\/wp-json\/wp\/v2\/comments?post=9492"}],"version-history":[{"count":11,"href":"https:\/\/oncomatryx.com\/es\/wp-json\/wp\/v2\/pages\/9492\/revisions"}],"predecessor-version":[{"id":9608,"href":"https:\/\/oncomatryx.com\/es\/wp-json\/wp\/v2\/pages\/9492\/revisions\/9608"}],"wp:attachment":[{"href":"https:\/\/oncomatryx.com\/es\/wp-json\/wp\/v2\/media?parent=9492"}],"curies":[{"name":"wp","href":"https:\/\/api.w.org\/{rel}","templated":true}]}}