{"id":9507,"date":"2025-02-27T09:06:33","date_gmt":"2025-02-27T09:06:33","guid":{"rendered":"https:\/\/oncomatryx.com\/?page_id=9507"},"modified":"2025-02-27T09:07:15","modified_gmt":"2025-02-27T09:07:15","slug":"politica-de-cookies","status":"publish","type":"page","link":"https:\/\/oncomatryx.com\/es\/politica-de-cookies\/","title":{"rendered":"Pol\u00edtica de Cookies"},"content":{"rendered":"\t\t<div data-elementor-type=\"wp-page\" data-elementor-id=\"9507\" class=\"elementor elementor-9507\" data-elementor-post-type=\"page\">\n\t\t\t\t<div class=\"elementor-element elementor-element-9eee6f7 e-flex e-con-boxed e-con e-parent\" data-id=\"9eee6f7\" data-element_type=\"container\" data-e-type=\"container\">\n\t\t\t\t\t<div class=\"e-con-inner\">\n\t\t\t\t<div class=\"elementor-element elementor-element-758db1a elementor-widget elementor-widget-spacer\" data-id=\"758db1a\" data-element_type=\"widget\" data-e-type=\"widget\" data-widget_type=\"spacer.default\">\n\t\t\t\t<div class=\"elementor-widget-container\">\n\t\t\t\t\t\t\t<div class=\"elementor-spacer\">\n\t\t\t<div class=\"elementor-spacer-inner\"><\/div>\n\t\t<\/div>\n\t\t\t\t\t\t<\/div>\n\t\t\t\t<\/div>\n\t\t\t\t<div class=\"elementor-element elementor-element-025dcbd elementor-widget elementor-widget-heading\" data-id=\"025dcbd\" data-element_type=\"widget\" data-e-type=\"widget\" data-widget_type=\"heading.default\">\n\t\t\t\t<div class=\"elementor-widget-container\">\n\t\t\t\t\t<h1 class=\"elementor-heading-title elementor-size-default\">Pol\u00edtica de Cookies<\/h1>\t\t\t\t<\/div>\n\t\t\t\t<\/div>\n\t\t\t\t<div class=\"elementor-element elementor-element-7dae5c1 elementor-widget elementor-widget-text-editor\" data-id=\"7dae5c1\" data-element_type=\"widget\" data-e-type=\"widget\" data-widget_type=\"text-editor.default\">\n\t\t\t\t<div class=\"elementor-widget-container\">\n\t\t\t\t\t\t\t\t\t<p><strong>\u00bfQu\u00e9 son las cookies?<\/strong> Las cookies son peque\u00f1os archivos de texto que se almacenan en su dispositivo cuando visita un sitio web. Se utilizan para mejorar la experiencia del usuario, recordar preferencias y recopilar informaci\u00f3n sobre el uso del sitio.<\/p><p><strong>\u00bfQu\u00e9 tipos de cookies utilizamos?<\/strong> En oncomatryx.com utilizamos los siguientes tipos de cookies:<\/p><ul><li><strong>Cookies esenciales:<\/strong> Necesarias para el funcionamiento b\u00e1sico del sitio web y no pueden desactivarse en nuestros sistemas.<\/li><li><strong>Cookies de rendimiento:<\/strong> Nos permiten analizar el tr\u00e1fico y mejorar el rendimiento del sitio.<\/li><li><strong>Cookies de funcionalidad:<\/strong> Permiten recordar preferencias y personalizar la experiencia del usuario.<\/li><li><strong>Cookies de publicidad y terceros:<\/strong> Utilizadas por proveedores externos para mostrar anuncios relevantes y medir la efectividad publicitaria.<\/li><\/ul><p><strong>\u00bfC\u00f3mo gestionar las cookies?<\/strong> Puede aceptar, rechazar o configurar las cookies a trav\u00e9s de la configuraci\u00f3n de su navegador. A continuaci\u00f3n, le proporcionamos enlaces a las gu\u00edas de gesti\u00f3n de cookies de los navegadores m\u00e1s comunes:<\/p><ul><li><a href=\"https:\/\/support.google.com\/chrome\/answer\/95647\">Google Chrome<\/a><\/li><li><a href=\"https:\/\/support.mozilla.org\/es\/kb\/habilitar-y-deshabilitar-cookies-sitios-web-rastrear-preferencias\">Mozilla Firefox<\/a><\/li><li><a href=\"https:\/\/support.microsoft.com\/es-es\/microsoft-edge\/eliminar-las-cookies-en-microsoft-edge-63947406-40ac-c3b8-57b9-2a946a29ae09\">Microsoft Edge<\/a><\/li><li><a href=\"https:\/\/support.apple.com\/es-es\/guide\/safari\/sfri11471\/mac\">Safari<\/a><\/li><\/ul><p><strong>Cambios en la Pol\u00edtica de Cookies<\/strong> Nos reservamos el derecho de modificar esta pol\u00edtica de cookies en cualquier momento. Cualquier cambio significativo ser\u00e1 comunicado a trav\u00e9s de nuestro sitio web.<\/p><p><strong>Contacto<\/strong> Si tiene alguna duda sobre nuestra pol\u00edtica de cookies, puede contactarnos en: <a href=\"mailto:info@oncomatryx.com\">info@oncomatryx.com<\/a><\/p>\t\t\t\t\t\t\t\t<\/div>\n\t\t\t\t<\/div>\n\t\t\t\t\t<\/div>\n\t\t\t\t<\/div>\n\t\t\t\t<\/div>\n\t\t","protected":false},"excerpt":{"rendered":"<p>Pol\u00edtica de Cookies \u00bfQu\u00e9 son las cookies? Las cookies son peque\u00f1os archivos de texto que se almacenan en su dispositivo cuando visita un sitio web. Se utilizan para mejorar la experiencia del usuario, recordar preferencias y recopilar informaci\u00f3n sobre el uso del sitio. \u00bfQu\u00e9 tipos de cookies utilizamos? En oncomatryx.com utilizamos los siguientes tipos de &#8230; <a title=\"Pol\u00edtica de Cookies\" class=\"read-more\" href=\"https:\/\/oncomatryx.com\/es\/politica-de-cookies\/\" aria-label=\"Leer m\u00e1s sobre Pol\u00edtica de Cookies\">Leer m\u00e1s<\/a><\/p>\n","protected":false},"author":2,"featured_media":0,"parent":0,"menu_order":0,"comment_status":"closed","ping_status":"closed","template":"elementor_header_footer","meta":{"inline_featured_image":false,"footnotes":""},"class_list":["post-9507","page","type-page","status-publish"],"_links":{"self":[{"href":"https:\/\/oncomatryx.com\/es\/wp-json\/wp\/v2\/pages\/9507","targetHints":{"allow":["GET"]}}],"collection":[{"href":"https:\/\/oncomatryx.com\/es\/wp-json\/wp\/v2\/pages"}],"about":[{"href":"https:\/\/oncomatryx.com\/es\/wp-json\/wp\/v2\/types\/page"}],"author":[{"embeddable":true,"href":"https:\/\/oncomatryx.com\/es\/wp-json\/wp\/v2\/users\/2"}],"replies":[{"embeddable":true,"href":"https:\/\/oncomatryx.com\/es\/wp-json\/wp\/v2\/comments?post=9507"}],"version-history":[{"count":4,"href":"https:\/\/oncomatryx.com\/es\/wp-json\/wp\/v2\/pages\/9507\/revisions"}],"predecessor-version":[{"id":9513,"href":"https:\/\/oncomatryx.com\/es\/wp-json\/wp\/v2\/pages\/9507\/revisions\/9513"}],"wp:attachment":[{"href":"https:\/\/oncomatryx.com\/es\/wp-json\/wp\/v2\/media?parent=9507"}],"curies":[{"name":"wp","href":"https:\/\/api.w.org\/{rel}","templated":true}]}}