{"id":9779,"date":"2025-10-30T14:56:57","date_gmt":"2025-10-30T14:56:57","guid":{"rendered":"https:\/\/oncomatryx.com\/?page_id=9779"},"modified":"2026-05-15T08:17:30","modified_gmt":"2026-05-15T08:17:30","slug":"accionistas","status":"publish","type":"page","link":"https:\/\/oncomatryx.com\/es\/accionistas\/","title":{"rendered":"Accionistas"},"content":{"rendered":"\t\t<div data-elementor-type=\"wp-page\" data-elementor-id=\"9779\" class=\"elementor elementor-9779\" data-elementor-post-type=\"page\">\n\t\t\t\t<div class=\"elementor-element elementor-element-8ad3f79 back e-flex e-con-boxed e-con e-parent\" data-id=\"8ad3f79\" data-element_type=\"container\" data-e-type=\"container\" data-settings=\"{&quot;background_background&quot;:&quot;classic&quot;,&quot;shape_divider_bottom&quot;:&quot;curve&quot;,&quot;shape_divider_bottom_negative&quot;:&quot;yes&quot;}\">\n\t\t\t\t\t<div class=\"e-con-inner\">\n\t\t\t\t<div class=\"elementor-shape elementor-shape-bottom\" aria-hidden=\"true\" data-negative=\"true\">\n\t\t\t<svg xmlns=\"http:\/\/www.w3.org\/2000\/svg\" viewBox=\"0 0 1000 100\" preserveAspectRatio=\"none\">\n\t<path class=\"elementor-shape-fill\" d=\"M500,97C126.7,96.3,0.8,19.8,0,0v100l1000,0V1C1000,19.4,873.3,97.8,500,97z\"\/>\n<\/svg>\t\t<\/div>\n\t\t<div class=\"elementor-element elementor-element-296fed3 e-con-full e-flex e-con e-child\" data-id=\"296fed3\" data-element_type=\"container\" data-e-type=\"container\">\n\t\t\t\t<div class=\"elementor-element elementor-element-6571958 titulo-principal elementor-widget elementor-widget-heading\" data-id=\"6571958\" data-element_type=\"widget\" data-e-type=\"widget\" data-widget_type=\"heading.default\">\n\t\t\t\t<div class=\"elementor-widget-container\">\n\t\t\t\t\t<h1 class=\"elementor-heading-title elementor-size-default\">\u00c1rea accionistas\n<\/h1>\t\t\t\t<\/div>\n\t\t\t\t<\/div>\n\t\t\t\t<div class=\"elementor-element elementor-element-a56a1e6 titulo-principal elementor-widget elementor-widget-heading\" data-id=\"a56a1e6\" data-element_type=\"widget\" data-e-type=\"widget\" data-widget_type=\"heading.default\">\n\t\t\t\t<div class=\"elementor-widget-container\">\n\t\t\t\t\t<h2 class=\"elementor-heading-title elementor-size-default\">ONCOMATRYX BIOPHARMA, S.A.<\/h2>\t\t\t\t<\/div>\n\t\t\t\t<\/div>\n\t\t\t\t<\/div>\n\t\t\t\t\t<\/div>\n\t\t\t\t<\/div>\n\t\t<div class=\"elementor-element elementor-element-87ce1ac e-con-full e-flex e-con e-parent\" data-id=\"87ce1ac\" data-element_type=\"container\" data-e-type=\"container\" id=\"noticias\" data-settings=\"{&quot;background_background&quot;:&quot;classic&quot;}\">\n\t\t<div class=\"elementor-element elementor-element-ac9fb65 e-flex e-con-boxed e-con e-child\" data-id=\"ac9fb65\" data-element_type=\"container\" data-e-type=\"container\">\n\t\t\t\t\t<div class=\"e-con-inner\">\n\t\t\t\t<div class=\"elementor-element elementor-element-68ea85a elementor-widget elementor-widget-text-editor\" data-id=\"68ea85a\" data-element_type=\"widget\" data-e-type=\"widget\" data-widget_type=\"text-editor.default\">\n\t\t\t\t<div class=\"elementor-widget-container\">\n\t\t\t\t\t\t\t\t\t<h2>\u00a0<\/h2><h2><span style=\"color: #3366ff;\"><strong>Juntas generales y anuncios<\/strong><\/span><\/h2>\t\t\t\t\t\t\t\t<\/div>\n\t\t\t\t<\/div>\n\t\t\t\t<div class=\"elementor-element elementor-element-ab01024 elementor-widget elementor-widget-text-editor\" data-id=\"ab01024\" data-element_type=\"widget\" data-e-type=\"widget\" data-widget_type=\"text-editor.default\">\n\t\t\t\t<div class=\"elementor-widget-container\">\n\t\t\t\t\t\t\t\t\t&nbsp;\n<table>\n<tbody>\n<tr>\n<td width=\"283\"><strong>Convocatoria de la Junta General extraordinaria del d\u00eda 2 de diciembre de 2025<\/strong><\/td>\n<td width=\"283\">\n<p style=\"text-align: center;\"><a href=\"https:\/\/oncomatryx.com\/wp-content\/uploads\/2025\/10\/4126-8855-7665-v-1-ONCOMATRYX-BIOPHARMA-S.A.-Convocatoria-Junta-General-extraordinaria-2025.pdf\">Documento<\/a><\/p>\n<\/td>\n<\/tr>\n<tr>\n<td width=\"283\"><strong>Tarjeta delegaci\u00f3n de voto de la Junta General extraordinaria del d\u00eda 2 de diciembre de 2025<\/strong><\/td>\n<td width=\"283\">\n<p style=\"text-align: center;\"><a href=\"https:\/\/oncomatryx.com\/wp-content\/uploads\/2025\/10\/4155-9200-1633-v-1-Oncomatryx-Biopharma-S.A.-Tarjeta-de-delegacion-de-la-JGE-2-de-diciembre-de-2025.pdf\">Documento<\/a><\/p>\n<\/td>\n<\/tr>\n<tr>\n<td width=\"283\"><strong>Tarjeta de voto a distancia de la Junta General extraordinaria del d\u00eda 2 de diciembre de 2025<\/strong><\/td>\n<td width=\"283\">\n<p style=\"text-align: center;\"><a href=\"https:\/\/oncomatryx.com\/wp-content\/uploads\/2025\/10\/4153-3057-8529-v-1-Oncomatryx-Biopharma-S.A.-Tarjeta-de-voto-a-distancia-de-la-JGE-2-de-diciembre-de-2025.pdf\">Documento<\/a><\/p>\n<\/td>\n<\/tr>\n<tr>\n<td width=\"283\"><strong>Acuerdos Junta General Extraordinaria del d\u00eda 2 de diciembre de 2025<\/strong><\/td>\n<td width=\"283\">\n<p style=\"text-align: center;\"><a href=\"https:\/\/oncomatryx.com\/wp-content\/uploads\/2025\/12\/Comunicacion-WEB-Acuerdos-JGE-02.12.2025.pdf\">\nDocumento\n<\/a><\/p>\n<\/td>\n<\/tr>\n<tr>\n<td width=\"283\"><strong>Convocatoria de la Junta General ordinaria del d\u00eda 16 de junio de 2026<\/strong><\/td>\n<td width=\"283\">\n<p style=\"text-align: center;\"><a href=\"https:\/\/oncomatryx.com\/wp-content\/uploads\/2026\/05\/ONCOMATRYX-BIOPHARMA-S.A.-Convocatoria-Junta-General-ordinaria-2026-1.pdf\">\nDocumento\n<\/a><\/p>\n<\/td>\n<\/tr>\n<tr>\n<td width=\"283\"><strong>Tarjeta delegaci\u00f3n de voto de la Junta General ordinaria del d\u00eda 16 de junio de 2026<\/strong><\/td>\n<td width=\"283\">\n<p style=\"text-align: center;\"><a href=\"https:\/\/oncomatryx.com\/wp-content\/uploads\/2026\/05\/Oncomatryx-Biopharma-S.A-Tarjeta-de-delegacion-de-la-JGO-16-de-junio-de-2026-2.pdf\">\nDocumento\n<\/a><\/p>\n<\/td>\n<\/tr>\n<tr>\n<td width=\"283\"><strong>Tarjeta de voto a distancia de la Junta General ordinaria del d\u00eda 16 de junio de 2026<\/strong><\/td>\n<td width=\"283\">\n<p style=\"text-align: center;\"><a href=\"https:\/\/oncomatryx.com\/wp-content\/uploads\/2026\/05\/Oncomatryx-Biopharma-S.A.-Tarjeta-de-voto-a-distancia-de-la-JGO-16-de-junio-de-2026-1.pdf\">\nDocumento\n<\/a><\/p>\n<\/td>\n<\/tr>\n<\/tbody>\n<\/table>\t\t\t\t\t\t\t\t<\/div>\n\t\t\t\t<\/div>\n\t\t\t\t\t<\/div>\n\t\t\t\t<\/div>\n\t\t\t\t<\/div>\n\t\t\t\t<\/div>\n\t\t","protected":false},"excerpt":{"rendered":"<p>\u00c1rea accionistas ONCOMATRYX BIOPHARMA, S.A. \u00a0 Juntas generales y anuncios &nbsp; Convocatoria de la Junta General extraordinaria del d\u00eda 2 de diciembre de 2025 Documento Tarjeta delegaci\u00f3n de voto de la Junta General extraordinaria del d\u00eda 2 de diciembre de 2025 Documento Tarjeta de voto a distancia de la Junta General extraordinaria del d\u00eda 2 &#8230; <a title=\"Accionistas\" class=\"read-more\" href=\"https:\/\/oncomatryx.com\/es\/accionistas\/\" aria-label=\"Leer m\u00e1s sobre Accionistas\">Leer m\u00e1s<\/a><\/p>\n","protected":false},"author":5,"featured_media":0,"parent":0,"menu_order":5,"comment_status":"closed","ping_status":"closed","template":"elementor_header_footer","meta":{"inline_featured_image":false,"footnotes":""},"class_list":["post-9779","page","type-page","status-publish"],"_links":{"self":[{"href":"https:\/\/oncomatryx.com\/es\/wp-json\/wp\/v2\/pages\/9779","targetHints":{"allow":["GET"]}}],"collection":[{"href":"https:\/\/oncomatryx.com\/es\/wp-json\/wp\/v2\/pages"}],"about":[{"href":"https:\/\/oncomatryx.com\/es\/wp-json\/wp\/v2\/types\/page"}],"author":[{"embeddable":true,"href":"https:\/\/oncomatryx.com\/es\/wp-json\/wp\/v2\/users\/5"}],"replies":[{"embeddable":true,"href":"https:\/\/oncomatryx.com\/es\/wp-json\/wp\/v2\/comments?post=9779"}],"version-history":[{"count":68,"href":"https:\/\/oncomatryx.com\/es\/wp-json\/wp\/v2\/pages\/9779\/revisions"}],"predecessor-version":[{"id":10537,"href":"https:\/\/oncomatryx.com\/es\/wp-json\/wp\/v2\/pages\/9779\/revisions\/10537"}],"wp:attachment":[{"href":"https:\/\/oncomatryx.com\/es\/wp-json\/wp\/v2\/media?parent=9779"}],"curies":[{"name":"wp","href":"https:\/\/api.w.org\/{rel}","templated":true}]}}